{"id":77,"date":"2021-02-18T15:17:55","date_gmt":"2021-02-18T15:17:55","guid":{"rendered":"https:\/\/btciberica.com\/?page_id=77"},"modified":"2022-04-19T10:59:14","modified_gmt":"2022-04-19T10:59:14","slug":"cookies","status":"publish","type":"page","link":"https:\/\/btciberica.com\/es\/cookies\/","title":{"rendered":"Pol\u00edtica de cookies"},"content":{"rendered":"\t\t<div data-elementor-type=\"wp-page\" data-elementor-id=\"77\" class=\"elementor elementor-77\" data-elementor-post-type=\"page\">\n\t\t\t\t\t\t<section class=\"elementor-section elementor-top-section elementor-element elementor-element-a604d69 elementor-section-boxed elementor-section-height-default elementor-section-height-default\" data-id=\"a604d69\" data-element_type=\"section\" data-e-type=\"section\" data-settings=\"{&quot;background_background&quot;:&quot;gradient&quot;}\">\n\t\t\t\t\t\t<div class=\"elementor-container elementor-column-gap-default\">\n\t\t\t\t\t<div class=\"elementor-column elementor-col-100 elementor-top-column elementor-element elementor-element-e3e063f\" data-id=\"e3e063f\" data-element_type=\"column\" data-e-type=\"column\">\n\t\t\t<div class=\"elementor-widget-wrap elementor-element-populated\">\n\t\t\t\t\t\t<div class=\"elementor-element elementor-element-2bb40cd elementor-widget elementor-widget-jet-breadcrumbs\" data-id=\"2bb40cd\" data-element_type=\"widget\" data-e-type=\"widget\" data-widget_type=\"jet-breadcrumbs.default\">\n\t\t\t\t<div class=\"elementor-widget-container\">\n\t\t\t\t\t<div class=\"elementor-jet-breadcrumbs jet-blocks\">\n\t\t<div class=\"jet-breadcrumbs\">\n\t\t<div class=\"jet-breadcrumbs__content\">\n\t\t<div class=\"jet-breadcrumbs__wrap\"><div class=\"jet-breadcrumbs__item\"><a href=\"https:\/\/btciberica.com\/es\/\" class=\"jet-breadcrumbs__item-link is-home\" rel=\"home\" title=\"Inicio\">Inicio<\/a><\/div>\n\t\t<\/div>\n\t\t<\/div>\n\t\t<\/div><\/div>\t\t\t\t<\/div>\n\t\t\t\t<\/div>\n\t\t\t\t<div class=\"elementor-element elementor-element-9a16faa elementor-widget elementor-widget-heading\" data-id=\"9a16faa\" data-element_type=\"widget\" data-e-type=\"widget\" data-widget_type=\"heading.default\">\n\t\t\t\t<div class=\"elementor-widget-container\">\n\t\t\t\t\t<h1 class=\"elementor-heading-title elementor-size-default\">Pol\u00edtica de cookies<\/h1>\t\t\t\t<\/div>\n\t\t\t\t<\/div>\n\t\t\t\t\t<\/div>\n\t\t<\/div>\n\t\t\t\t\t<\/div>\n\t\t<\/section>\n\t\t\t\t<section class=\"elementor-section elementor-top-section elementor-element elementor-element-1fc5829 elementor-section-boxed elementor-section-height-default elementor-section-height-default\" data-id=\"1fc5829\" data-element_type=\"section\" data-e-type=\"section\">\n\t\t\t\t\t\t<div class=\"elementor-container elementor-column-gap-default\">\n\t\t\t\t\t<div class=\"elementor-column elementor-col-100 elementor-top-column elementor-element elementor-element-1707078\" data-id=\"1707078\" data-element_type=\"column\" data-e-type=\"column\">\n\t\t\t<div class=\"elementor-widget-wrap elementor-element-populated\">\n\t\t\t\t\t\t<div class=\"elementor-element elementor-element-e4a881d elementor-widget elementor-widget-text-editor\" data-id=\"e4a881d\" data-element_type=\"widget\" data-e-type=\"widget\" data-widget_type=\"text-editor.default\">\n\t\t\t\t<div class=\"elementor-widget-container\">\n\t\t\t\t\t\t\t\t\t<h3>Pol\u00edtica de cookies de BEN TRADE CABLES IBERICA, S.A. \u2013 www.btciberica.com\u00a0 \u00a0<\/h3><p>El dominio www.btciberica.com\u00a0\u00a0 utiliza procedimientos autom\u00e1ticos de recogida (Cookies) para reunir informaci\u00f3n personal como puede ser el tipo de navegador o sistema operativo, p\u00e1gina de referencia, ruta, dominio ISP (Proveedor de Internet), etc. todo ello con el fin de mejorar los servicios prestados. Las Cookies nos ayudan a adaptar esta p\u00e1gina web a sus necesidades personales.<\/p><p>Una \u00abCookie\u00bb es un peque\u00f1o archivo que se almacena en el ordenador del usuario y nos permite reconocerle. El conjunto de \u00abcookies\u00bb nos ayuda a mejorar la calidad de nuestra web, permiti\u00e9ndonos as\u00ed personalizar hasta cierto punto la navegaci\u00f3n de cada usuario por nuestra web. Las cookies actualmente son esenciales para el funcionamiento de internet, aportando innumerables ventajas en la prestaci\u00f3n de servicios interactivos, facilit\u00e1ndole la navegaci\u00f3n y usabilidad de nuestra web.<\/p><p>Tenga en cuenta que las cookies no pueden da\u00f1ar su equipo y que, a cambio, el que est\u00e9n activadas nos ayudan a identificar y resolver los errores y mejorar la navegabilidad de nuestro sitio.<\/p><p><strong>Tipolog\u00eda de cookies:<\/strong><\/p><p>Para una mayor informaci\u00f3n del usuario sobre la tipolog\u00eda y uso de las cookies le informamos que:<\/p><p>\u00a0<\/p><ul><li>Desde el punto de vista\u00a0<strong>de \u2018tiempo de vida\u2019 de la cookie<\/strong>\u00a0(tiempo que la cookie permanece activa en nuestro equipo) podemos diferenciar las cookies entre:<\/li><\/ul><ol><li><strong>Cookies de sesi\u00f3n:<\/strong>\u00a0son cookies temporales que permanecen en el archivo de cookies de su navegador hasta que abandone la p\u00e1gina web, por lo que ninguna queda registrada en el disco duro del usuario. La informaci\u00f3n obtenida por medio de estas cookies, sirven para analizar pautas de tr\u00e1fico en la web. A la larga, esto nos permite proporcionar una mejor experiencia para mejorar el contenido y facilitando su uso.<\/li><li><strong>Cookies permanentes:<\/strong>\u00a0son almacenadas en el disco duro y nuestra web las lee cada vez que usted realiza una nueva visita. Una cookie permanente posee una fecha de expiraci\u00f3n determinada. La cookie dejar\u00e1 de funcionar despu\u00e9s de esa fecha. Las utilizamos, generalmente, para facilitar los servicios de compra y registro.<\/li><\/ol><ul><li>Desde el punto de vista\u00a0<strong>del uso de cada cookie<\/strong>, podemos diferenciar entre:<\/li><\/ul><ol><li><strong>Cookies Requeridas:<\/strong>\u00a0son las cookies estrictamente necesarias como, por ejemplo, aquellas que sirvan para una correcta navegaci\u00f3n o las que permitan realizar el pago de bienes o servicios solicitados por el usuario o cookies que sirvan para asegurar que el contenido de la p\u00e1gina web se carga eficazmente.<\/li><\/ol><p>Dentro de la categor\u00eda de cookies Requeridas se pueden encontrar tambi\u00e9n cookies con las siguientes finalidades:<\/p><p>\u00a0<\/p><ul><li>Permitir \u00fanicamente la comunicaci\u00f3n entre el equipo del usuario y la red.<\/li><li>Estrictamente prestar un servicio expresamente solicitado por el usuario.<\/li><\/ul><p>En estos dos casos le informamos que no se requiere la informaci\u00f3n y el consentimiento del usuario para la instalaci\u00f3n de las referidas cookies. En concreto, seg\u00fan el Grupo de Trabajo de Expertos de la UE, en el Art\u00edculo 29 de su Dictamen 4\/20123 ha interpretado que entre las cookies exceptuadas estar\u00edan aquellas que tienen por finalidad:<\/p><p>\u00a0<\/p><ul><li>Cookies de \u201centrada del usuario\u201d<\/li><li>Cookies de autenticaci\u00f3n o identificaci\u00f3n de usuario (\u00fanicamente de sesi\u00f3n)<\/li><li>Cookies de seguridad del usuario<\/li><li>Cookies de sesi\u00f3n de reproductor multimedia<\/li><li>Cookies de sesi\u00f3n para equilibrar la carga<\/li><li>Cookies de personalizaci\u00f3n de la interfaz de usuario<\/li><li>Cookies de complemento (plug-in) para intercambiar contenidos sociales<\/li><\/ul><p>Para todo el resto de las cookies Requeridas no incluidas en los anteriores supuestos requerir\u00e1n la informaci\u00f3n previa y el consentimiento del usuario.<\/p><p>\u00a0<\/p><ol><li><strong>Cookies funcionales<\/strong>: Son cookies que ayudan al usuario a tener una mejor experiencia de la navegaci\u00f3n por el sitio. Un ejemplo de uso de este tipo de cookies son las que se utilizan para almacenar los datos de navegaci\u00f3n de un determinado idioma.<\/li><li><strong>Cookies anal\u00edticas<\/strong>: son cookies que nos permiten analizar el uso del Sitio web, de manera que podamos medir y mejorar el funcionamiento.<\/li><li><strong>Cookies de Publicidad y de Terceros<\/strong>: son las cookies usadas por redes sociales, o por complementos externos de contenido como google maps como tambi\u00e9n cookies de empresas publicitarias para publicar anuncios relevantes para sus intereses.<\/li><\/ol><p>BEN TRADE CABLES IBERICA, S.A. guarda toda la informaci\u00f3n recogida a trav\u00e9s de las Cookies en un formato no personalizado (direcci\u00f3n de IP). Este tipo de informaci\u00f3n obtenida a trav\u00e9s de las Cookies no ser\u00e1 revelado fuera de BEN TRADE CABLES IBERICA, S.A. , ni utilizada para comunicaciones no solicitadas.<\/p><p>\u00a0<\/p><p><strong>Privacidad adecuada\u2013 Gesti\u00f3n de cookies:<\/strong><\/p><p><strong>\u00a0<\/strong><\/p><p>En caso de que el usuario lo quisiera,\u00a0 el registro de las cookies podr\u00e1 estar sujeto a su aceptaci\u00f3n durante la instalaci\u00f3n o puesta al d\u00eda del navegador usado. El usuario\u00a0 puede en todo momento revocar su aceptaci\u00f3n mediante las opciones de configuraci\u00f3n de contenidos y privacidad disponibles en cada navegador. No obstante, en caso de que el usuario no permita la instalaci\u00f3n de cookies en su navegador es posible que no pueda acceder a alguna de las secciones de nuestro sitio web.\u00a0<\/p><p>\u00a0<\/p><p>Para m\u00e1s informaci\u00f3n sobre la configuraci\u00f3n apropiada de las cookies y las opciones de activaci\u00f3n, restricci\u00f3n y\/o inhabilitaci\u00f3n se debe acudir en\u00a0 la secci\u00f3n de ayuda de su navegador para conocer m\u00e1s:<\/p><p>\u00a0<\/p><ul><li>M\u00e1s informaci\u00f3n sobre como bloquear el uso de las cookies en\u00a0<a href=\"https:\/\/support.google.com\/chrome\/answer\/95647?hl=es\">Google Chrome<\/a><\/li><li>M\u00e1s informaci\u00f3n sobre como bloquear el uso de las cookies en\u00a0<a href=\"http:\/\/support.mozilla.org\/es\/kb\/habilitar-y-deshabilitar-cookies-que-los-sitios-we?esab=a&amp;s=cookies&amp;r=7&amp;as=s\">Firefox<\/a><\/li><li>M\u00e1s informaci\u00f3n sobre como bloquear el uso de las cookies en\u00a0<a href=\"http:\/\/windows.microsoft.com\/es-es\/windows7\/how-to-manage-cookies-in-internet-explorer-9\">Internet Explorer<\/a><\/li><li>M\u00e1s informaci\u00f3n sobre como bloquear el uso de las cookies en\u00a0<a href=\"http:\/\/support.apple.com\/kb\/HT1677?viewlocale=es_ES\">Safari<\/a><\/li><\/ul><p>Muchos navegadores permiten activar un modo privado mediante el cual las cookies se borran siempre despu\u00e9s de su visita. Dependiendo de cada navegador este modo privado, puede tener diferentes nombres. A continuaci\u00f3n, encontrar\u00e1 una lista de los navegadores m\u00e1s comunes y los diferentes nombres de este \u201cmodo privado\u201d:<\/p><p>\u00a0<\/p><ul><li>Internet Explorer 8 y superior; InPrivate<\/li><li>Safari 2 y superior; Navegaci\u00f3n Privada<\/li><li>Opera 10.5 y superior; Navegaci\u00f3n Privada<\/li><li>Fire Fox 3.5 y superior; Navegaci\u00f3n Privada<\/li><li>Google Chrome 10 y superior; Inc\u00f3gnito<\/li><\/ul><p><strong>\u00a0<\/strong><\/p><p><strong>Relaci\u00f3n y descripci\u00f3n de cookies:<\/strong><\/p><p>La tabla que publicamos a continuaci\u00f3n recoge de forma esquematizada las cookies anteriormente descritas y utilizadas en el sitio web www.btciberica.com\u00a0\u00a0 :<\/p><p>\u00a0<\/p><table width=\"606\"><tbody><tr><td width=\"117\"><p><strong>Nombre de cookie<\/strong><\/p><\/td><td width=\"116\"><p><strong>Dominio de cookie<\/strong><\/p><\/td><td width=\"86\"><p><strong>Expira<\/strong><\/p><p><strong>(sesi\u00f3n, permanente)<\/strong><\/p><\/td><td width=\"287\"><p><strong>Uso de cookie<\/strong><\/p><p><strong>(Requerida-Funcional-Anal\u00edtica-Terceros\/Publicidad)<\/strong><\/p><\/td><\/tr><tr><td width=\"117\"><p><strong>cdp-cookies-plugin-wp<\/strong><\/p><\/td><td width=\"116\"><p>www.btciberica.com\u00a0<\/p><\/td><td width=\"86\"><p>1 a\u00f1o<\/p><\/td><td width=\"287\"><p>determinar si se ha prestado el consentimiento y debe volver a pedir el consentimiento para la utilizaci\u00f3n de cookies en la p\u00e1gina web.<\/p><\/td><\/tr><tr><td width=\"117\"><p><strong>\u00a0<\/strong><\/p><\/td><td width=\"116\">\u00a0<\/td><td width=\"86\">\u00a0<\/td><td width=\"287\">\u00a0<\/td><\/tr><\/tbody><\/table><p>Para m\u00e1s informaci\u00f3n sobre cookies y sus derechos como usuario puede consultar la Gu\u00eda sobre el uso de cookies elaborada por la Agencia Espa\u00f1ola de Protecci\u00f3n de Datos con la colaboraci\u00f3n de las asociaciones ADIGITAL, Anunciantes, AUTOCONTROL e IAB Spain:\u00a0<a href=\"https:\/\/www.aepd.es\/media\/guias\/guia-cookies.pdf\">https:\/\/www.aepd.es\/media\/guias\/guia-cookies.pdf<\/a><\/p>\t\t\t\t\t\t\t\t<\/div>\n\t\t\t\t<\/div>\n\t\t\t\t\t<\/div>\n\t\t<\/div>\n\t\t\t\t\t<\/div>\n\t\t<\/section>\n\t\t\t\t<\/div>\n\t\t","protected":false},"excerpt":{"rendered":"<p>Inicio Pol\u00edtica de cookies Pol\u00edtica de cookies de BEN TRADE CABLES IBERICA, S.A. \u2013 www.btciberica.com&nbsp; &nbsp; El dominio www.btciberica.com&nbsp;&nbsp; utiliza procedimientos autom\u00e1ticos de recogida (Cookies) para reunir informaci\u00f3n personal como puede ser el tipo de navegador o sistema operativo, p\u00e1gina de referencia, ruta, dominio ISP (Proveedor de Internet), etc. todo ello con el fin de [&hellip;]<\/p>\n","protected":false},"author":1,"featured_media":0,"parent":0,"menu_order":0,"comment_status":"closed","ping_status":"closed","template":"","meta":{"footnotes":""},"class_list":["post-77","page","type-page","status-publish","hentry"],"yoast_head":"<!-- This site is optimized with the Yoast SEO plugin v27.2 - https:\/\/yoast.com\/product\/yoast-seo-wordpress\/ -->\n<title>Pol\u00edtica de cookies - BTC Iberica<\/title>\n<meta name=\"robots\" content=\"noindex, follow\" \/>\n<meta property=\"og:locale\" content=\"es_ES\" \/>\n<meta property=\"og:type\" content=\"article\" \/>\n<meta property=\"og:title\" content=\"Pol\u00edtica de cookies - BTC Iberica\" \/>\n<meta property=\"og:description\" content=\"Inicio Pol\u00edtica de cookies Pol\u00edtica de cookies de BEN TRADE CABLES IBERICA, S.A. \u2013 www.btciberica.com&nbsp; &nbsp; El dominio www.btciberica.com&nbsp;&nbsp; utiliza procedimientos autom\u00e1ticos de recogida (Cookies) para reunir informaci\u00f3n personal como puede ser el tipo de navegador o sistema operativo, p\u00e1gina de referencia, ruta, dominio ISP (Proveedor de Internet), etc. todo ello con el fin de [&hellip;]\" \/>\n<meta property=\"og:url\" content=\"https:\/\/btciberica.com\/es\/cookies\/\" \/>\n<meta property=\"og:site_name\" content=\"BTC Iberica\" \/>\n<meta property=\"article:modified_time\" content=\"2022-04-19T10:59:14+00:00\" \/>\n<meta name=\"twitter:card\" content=\"summary_large_image\" \/>\n<meta name=\"twitter:label1\" content=\"Tiempo de lectura\" \/>\n\t<meta name=\"twitter:data1\" content=\"5 minutos\" \/>\n<script type=\"application\/ld+json\" class=\"yoast-schema-graph\">{\"@context\":\"https:\/\/schema.org\",\"@graph\":[{\"@type\":\"WebPage\",\"@id\":\"https:\/\/btciberica.com\/es\/cookies\/\",\"url\":\"https:\/\/btciberica.com\/es\/cookies\/\",\"name\":\"Pol\u00edtica de cookies - BTC Iberica\",\"isPartOf\":{\"@id\":\"https:\/\/btciberica.com\/#website\"},\"datePublished\":\"2021-02-18T15:17:55+00:00\",\"dateModified\":\"2022-04-19T10:59:14+00:00\",\"breadcrumb\":{\"@id\":\"https:\/\/btciberica.com\/es\/cookies\/#breadcrumb\"},\"inLanguage\":\"es\",\"potentialAction\":[{\"@type\":\"ReadAction\",\"target\":[\"https:\/\/btciberica.com\/es\/cookies\/\"]}]},{\"@type\":\"BreadcrumbList\",\"@id\":\"https:\/\/btciberica.com\/es\/cookies\/#breadcrumb\",\"itemListElement\":[{\"@type\":\"ListItem\",\"position\":1,\"name\":\"Portada\",\"item\":\"https:\/\/btciberica.com\/es\/\"},{\"@type\":\"ListItem\",\"position\":2,\"name\":\"Pol\u00edtica de cookies\"}]},{\"@type\":\"WebSite\",\"@id\":\"https:\/\/btciberica.com\/#website\",\"url\":\"https:\/\/btciberica.com\/\",\"name\":\"BTC Iberica\",\"description\":\"Ben Trade Cables Iberica S.A.\",\"publisher\":{\"@id\":\"https:\/\/btciberica.com\/#organization\"},\"potentialAction\":[{\"@type\":\"SearchAction\",\"target\":{\"@type\":\"EntryPoint\",\"urlTemplate\":\"https:\/\/btciberica.com\/?s={search_term_string}\"},\"query-input\":{\"@type\":\"PropertyValueSpecification\",\"valueRequired\":true,\"valueName\":\"search_term_string\"}}],\"inLanguage\":\"es\"},{\"@type\":\"Organization\",\"@id\":\"https:\/\/btciberica.com\/#organization\",\"name\":\"BTC Iberica\",\"url\":\"https:\/\/btciberica.com\/\",\"logo\":{\"@type\":\"ImageObject\",\"inLanguage\":\"es\",\"@id\":\"https:\/\/btciberica.com\/#\/schema\/logo\/image\/\",\"url\":\"https:\/\/btciberica.com\/wp-content\/uploads\/2021\/02\/btc-iberica-logo.jpg\",\"contentUrl\":\"https:\/\/btciberica.com\/wp-content\/uploads\/2021\/02\/btc-iberica-logo.jpg\",\"width\":250,\"height\":159,\"caption\":\"BTC Iberica\"},\"image\":{\"@id\":\"https:\/\/btciberica.com\/#\/schema\/logo\/image\/\"}}]}<\/script>\n<!-- \/ Yoast SEO plugin. -->","yoast_head_json":{"title":"Pol\u00edtica de cookies - BTC Iberica","robots":{"index":"noindex","follow":"follow"},"og_locale":"es_ES","og_type":"article","og_title":"Pol\u00edtica de cookies - BTC Iberica","og_description":"Inicio Pol\u00edtica de cookies Pol\u00edtica de cookies de BEN TRADE CABLES IBERICA, S.A. \u2013 www.btciberica.com&nbsp; &nbsp; El dominio www.btciberica.com&nbsp;&nbsp; utiliza procedimientos autom\u00e1ticos de recogida (Cookies) para reunir informaci\u00f3n personal como puede ser el tipo de navegador o sistema operativo, p\u00e1gina de referencia, ruta, dominio ISP (Proveedor de Internet), etc. todo ello con el fin de [&hellip;]","og_url":"https:\/\/btciberica.com\/es\/cookies\/","og_site_name":"BTC Iberica","article_modified_time":"2022-04-19T10:59:14+00:00","twitter_card":"summary_large_image","twitter_misc":{"Tiempo de lectura":"5 minutos"},"schema":{"@context":"https:\/\/schema.org","@graph":[{"@type":"WebPage","@id":"https:\/\/btciberica.com\/es\/cookies\/","url":"https:\/\/btciberica.com\/es\/cookies\/","name":"Pol\u00edtica de cookies - BTC Iberica","isPartOf":{"@id":"https:\/\/btciberica.com\/#website"},"datePublished":"2021-02-18T15:17:55+00:00","dateModified":"2022-04-19T10:59:14+00:00","breadcrumb":{"@id":"https:\/\/btciberica.com\/es\/cookies\/#breadcrumb"},"inLanguage":"es","potentialAction":[{"@type":"ReadAction","target":["https:\/\/btciberica.com\/es\/cookies\/"]}]},{"@type":"BreadcrumbList","@id":"https:\/\/btciberica.com\/es\/cookies\/#breadcrumb","itemListElement":[{"@type":"ListItem","position":1,"name":"Portada","item":"https:\/\/btciberica.com\/es\/"},{"@type":"ListItem","position":2,"name":"Pol\u00edtica de cookies"}]},{"@type":"WebSite","@id":"https:\/\/btciberica.com\/#website","url":"https:\/\/btciberica.com\/","name":"BTC Iberica","description":"Ben Trade Cables Iberica S.A.","publisher":{"@id":"https:\/\/btciberica.com\/#organization"},"potentialAction":[{"@type":"SearchAction","target":{"@type":"EntryPoint","urlTemplate":"https:\/\/btciberica.com\/?s={search_term_string}"},"query-input":{"@type":"PropertyValueSpecification","valueRequired":true,"valueName":"search_term_string"}}],"inLanguage":"es"},{"@type":"Organization","@id":"https:\/\/btciberica.com\/#organization","name":"BTC Iberica","url":"https:\/\/btciberica.com\/","logo":{"@type":"ImageObject","inLanguage":"es","@id":"https:\/\/btciberica.com\/#\/schema\/logo\/image\/","url":"https:\/\/btciberica.com\/wp-content\/uploads\/2021\/02\/btc-iberica-logo.jpg","contentUrl":"https:\/\/btciberica.com\/wp-content\/uploads\/2021\/02\/btc-iberica-logo.jpg","width":250,"height":159,"caption":"BTC Iberica"},"image":{"@id":"https:\/\/btciberica.com\/#\/schema\/logo\/image\/"}}]}},"_links":{"self":[{"href":"https:\/\/btciberica.com\/es\/wp-json\/wp\/v2\/pages\/77","targetHints":{"allow":["GET"]}}],"collection":[{"href":"https:\/\/btciberica.com\/es\/wp-json\/wp\/v2\/pages"}],"about":[{"href":"https:\/\/btciberica.com\/es\/wp-json\/wp\/v2\/types\/page"}],"author":[{"embeddable":true,"href":"https:\/\/btciberica.com\/es\/wp-json\/wp\/v2\/users\/1"}],"replies":[{"embeddable":true,"href":"https:\/\/btciberica.com\/es\/wp-json\/wp\/v2\/comments?post=77"}],"version-history":[{"count":8,"href":"https:\/\/btciberica.com\/es\/wp-json\/wp\/v2\/pages\/77\/revisions"}],"predecessor-version":[{"id":4318,"href":"https:\/\/btciberica.com\/es\/wp-json\/wp\/v2\/pages\/77\/revisions\/4318"}],"wp:attachment":[{"href":"https:\/\/btciberica.com\/es\/wp-json\/wp\/v2\/media?parent=77"}],"curies":[{"name":"wp","href":"https:\/\/api.w.org\/{rel}","templated":true}]}}