{"id":75,"date":"2021-02-18T15:17:38","date_gmt":"2021-02-18T15:17:38","guid":{"rendered":"https:\/\/btciberica.com\/?page_id=75"},"modified":"2022-04-19T10:56:44","modified_gmt":"2022-04-19T10:56:44","slug":"aviso-legal","status":"publish","type":"page","link":"https:\/\/btciberica.com\/es\/aviso-legal\/","title":{"rendered":"Aviso legal"},"content":{"rendered":"\t\t<div data-elementor-type=\"wp-page\" data-elementor-id=\"75\" class=\"elementor elementor-75\" data-elementor-post-type=\"page\">\n\t\t\t\t\t\t<section class=\"elementor-section elementor-top-section elementor-element elementor-element-69a1ca3 elementor-section-boxed elementor-section-height-default elementor-section-height-default\" data-id=\"69a1ca3\" data-element_type=\"section\" data-e-type=\"section\" data-settings=\"{&quot;background_background&quot;:&quot;gradient&quot;}\">\n\t\t\t\t\t\t<div class=\"elementor-container elementor-column-gap-default\">\n\t\t\t\t\t<div class=\"elementor-column elementor-col-100 elementor-top-column elementor-element elementor-element-30a2933\" data-id=\"30a2933\" data-element_type=\"column\" data-e-type=\"column\">\n\t\t\t<div class=\"elementor-widget-wrap elementor-element-populated\">\n\t\t\t\t\t\t<div class=\"elementor-element elementor-element-7f2ea24 elementor-widget elementor-widget-jet-breadcrumbs\" data-id=\"7f2ea24\" data-element_type=\"widget\" data-e-type=\"widget\" data-widget_type=\"jet-breadcrumbs.default\">\n\t\t\t\t<div class=\"elementor-widget-container\">\n\t\t\t\t\t<div class=\"elementor-jet-breadcrumbs jet-blocks\">\n\t\t<div class=\"jet-breadcrumbs\">\n\t\t<div class=\"jet-breadcrumbs__content\">\n\t\t<div class=\"jet-breadcrumbs__wrap\"><div class=\"jet-breadcrumbs__item\"><a href=\"https:\/\/btciberica.com\/es\/\" class=\"jet-breadcrumbs__item-link is-home\" rel=\"home\" title=\"Inicio\">Inicio<\/a><\/div>\n\t\t<\/div>\n\t\t<\/div>\n\t\t<\/div><\/div>\t\t\t\t<\/div>\n\t\t\t\t<\/div>\n\t\t\t\t<div class=\"elementor-element elementor-element-6e3e304 elementor-widget elementor-widget-heading\" data-id=\"6e3e304\" data-element_type=\"widget\" data-e-type=\"widget\" data-widget_type=\"heading.default\">\n\t\t\t\t<div class=\"elementor-widget-container\">\n\t\t\t\t\t<h1 class=\"elementor-heading-title elementor-size-default\">Aviso legal<\/h1>\t\t\t\t<\/div>\n\t\t\t\t<\/div>\n\t\t\t\t\t<\/div>\n\t\t<\/div>\n\t\t\t\t\t<\/div>\n\t\t<\/section>\n\t\t\t\t<section class=\"elementor-section elementor-top-section elementor-element elementor-element-d85509b elementor-section-boxed elementor-section-height-default elementor-section-height-default\" data-id=\"d85509b\" data-element_type=\"section\" data-e-type=\"section\">\n\t\t\t\t\t\t<div class=\"elementor-container elementor-column-gap-default\">\n\t\t\t\t\t<div class=\"elementor-column elementor-col-100 elementor-top-column elementor-element elementor-element-14d2fb7\" data-id=\"14d2fb7\" data-element_type=\"column\" data-e-type=\"column\">\n\t\t\t<div class=\"elementor-widget-wrap elementor-element-populated\">\n\t\t\t\t\t\t<div class=\"elementor-element elementor-element-334fbff elementor-widget elementor-widget-text-editor\" data-id=\"334fbff\" data-element_type=\"widget\" data-e-type=\"widget\" data-widget_type=\"text-editor.default\">\n\t\t\t\t<div class=\"elementor-widget-container\">\n\t\t\t\t\t\t\t\t\t<p>AVISO LEGAL<\/p><p><em>En virtud del cumplimiento de la Ley 34\/2002, de 11 de Julio, de Servicios de la Sociedad de la Informaci\u00f3n y de Comercio Electr\u00f3nico, le informamos:<\/em><\/p><p><strong><em>Art. 10 LSSI:<\/em><\/strong>\u00a0\u00a0<a href=\"http:\/\/www.btciberica.com\/\">www.btciberica.com<\/a>\u00a0es un dominio en internet de titularidad de Ben Trade Cables Ib\u00e9rica, S. A., con Domicilio Social en Pol\u00edgono Industrial Centov\u00eda C\/ San Francisco N \u00ba -9. 50196. La Muela Zaragoza (Espa\u00f1a) y CIF A50947571\u00a0 La empresa consta inscrita en el Registro Mercantil de Zaragoza, Volumen 2881, Libro 0, Secci\u00f3n 8 , Folio 55, Hoja Inscripci\u00f3n Z-32630.<\/p><p><strong>A efectos de este documento el tel\u00e9fono de contacto es +34 976149149 y el correo electr\u00f3nico de contacto es\u00a0<\/strong><a href=\"mailto:info@btciberica.com\">info@btciberica.com<\/a><\/p><p><strong>Este Aviso Legal regula la utilizaci\u00f3n de dicho dominio.<\/strong><\/p><p>La utilizaci\u00f3n de este sitio web implica la aceptaci\u00f3n por parte del Usuario de las condiciones de uso incluidas en este Aviso como tambi\u00e9n nuestras pol\u00edticas sobre \u2018Protecci\u00f3n de Datos y Privacidad\u2019 y \u2018Pol\u00edtica de uso de Cookies\u2019. En el caso de que ciertos servicios contenidos y\/o herramientas ofrecidos a trav\u00e9s de este \u201cPortal\u201d requirieran de la aplicaci\u00f3n condiciones particulares estas se pondr\u00e1n a disposici\u00f3n del Usuario.<\/p><p>Por otra parte, \u00a0\u00a0advierte que, tanto los contenidos y servicios de esta p\u00e1gina web como las propias condiciones de utilizaci\u00f3n, pueden ser modificados sin notificaci\u00f3n previa.<\/p><ol start=\"2\"><li><strong>Condiciones de utilizaci\u00f3n.<\/strong><\/li><\/ol><p>El Usuario se compromete a que, en los apartados en que sea necesario que se registre para poder acceder a los mismos, facilitar datos veraces, exactos y completos sobre su identidad. Adem\u00e1s se compromete a mantener actualizados los datos personales que pudieran ser proporcionados a titular del dominio, por lo tanto, \u00fanico responsable de las falsedades o inexactitudes que realice.<\/p><p>Se informa que en caso de ser menor de edad deber\u00e1 obtener el permiso de sus padres, tutores o representantes legales para poder acceder a los servicios prestados. \u00a0\u00a0No se responsabiliza en el caso de que los datos sobre este tema sean inexactos o falsos.<\/p><p>El \u201cportal\u201d s\u00f3lo puede ser utilizado con prop\u00f3sitos legales por tanto el usuario se obliga a hacer un uso l\u00edcito y honrado del portal y conforme a las presentes Condiciones Generales de Uso, a No utilizar los servicios del \u201cportal\u201d para la realizaci\u00f3n de actividades contrarias a las legislaci\u00f3n espa\u00f1ola, a la moral y al orden p\u00fablico, asumiendo por parte del usuario todas las responsabilidades de da\u00f1os y perjuicios frente al titular del dominio o terceros que pudieran derivarse de pr\u00e1cticas ilegales o no permitidas entres otras y a t\u00edtulo enunciativo y no limitativo:<\/p><ul><li>Realizar sin previo consentimiento por parte del titular del dominio cualquier manipulaci\u00f3n o alteraci\u00f3n de esta p\u00e1gina, no asumiendo el titular del dominio ninguna responsabilidad que pudiera derivarse, de dicha manipulaci\u00f3n o alteraci\u00f3n por terceros<\/li><li>Realizar cualquier acto que pueda da\u00f1ar, inutilizar, sobrecargar, o deteriorar el Portal y los servicios y\/o impedir el normal uso y utilizaci\u00f3n por parte de los Usuarios<\/li><li>Introducir y\/o Utilizar programas de ordenador, datos, archivos defectuosos, virus, c\u00f3digo malicioso, equipos inform\u00e1ticos o de telecomunicaciones o cualquier otro, independientemente de su naturaleza que pueda causar da\u00f1os en el Portal, en cualquiera de los servicios, o en cualesquiera activos (f\u00edsicos o l\u00f3gicos) de los sistemas de informaci\u00f3n de titular del dominio<\/li><li>Violar los derechos de terceros a la intimidad, la propia imagen, la protecci\u00f3n de datos al secreto en las comunicaciones, a la propiedad intelectual e industrial.<\/li><li>Ocultar y falsear el origen de mensajes de correo electr\u00f3nico<\/li><li>Utilizar identidades falsas, suplantar la identidad de otros en la utilizaci\u00f3n del Portal o en la utilizaci\u00f3n de cualquiera de los servicios<\/li><li>Reproducir, distribuir, modificar o copiar el contenido de esta p\u00e1gina, salvo que de disponga de la autorizaci\u00f3n del titular del dominio o est\u00e9 legalmente autorizado.<\/li><li>Transmitir a terceros no autorizados los nombres de Usuario y las claves de acceso<\/li><\/ul><p>\u00a0<\/p><p>Ben Trade Cables Ib\u00e9rica, S. A.\u00a0 no responde de los Enlaces (LINKS) a otras p\u00e1ginas de Internet de terceros y su existencia no implica que\u00a0 apruebe o acepte sus contenidos y servicios. Estas otras p\u00e1ginas web no est\u00e1n controladas por ni cubiertas por la presente Pol\u00edtica de Privacidad. Si accede a otras p\u00e1ginas web utilizando los Links proporcionados, los operadores de dichos sitios web podr\u00e1n recoger su informaci\u00f3n personal. Aseg\u00farese que est\u00e1 conforme con las Pol\u00edticas de Privacidad de estas terceras p\u00e1ginas web antes de facilitar ning\u00fan tipo de informaci\u00f3n personal.<\/p><p>Con car\u00e1cter general, el titular del dominio, excluye su responsabilidad por los da\u00f1os y perjuicios de cualquier naturaleza e \u00edndole que pudieran derivarse del uso del sitio web de, as\u00ed como a los da\u00f1os y perjuicios derivados\u00a0 de la infracci\u00f3n de los derechos de propiedad Intelectual e Industrial por parte de los usuarios y\/o la falta de veracidad, exactitud,\u00a0 y actualidad de los contenidos, ni le podr\u00e1n ser exigidas responsabilidades por la interrupci\u00f3n del servicio, inadecuado funcionamiento o imposibilidad de acceso al servicio.<\/p><p>El titular del dominio no ser\u00e1 responsable por los da\u00f1os y perjuicios causados por la presencia de virus o cualquier otro software lesivo que pueda producir alteraciones en el sistema inform\u00e1tico del Usuario.<\/p><p>El sitio web, incluyendo a t\u00edtulo enunciativo pero no limitativo, su programaci\u00f3n, dise\u00f1os, logotipos, texto y\/o gr\u00e1ficos son propiedad del prestador o en su caso dispone de licencia o autorizaci\u00f3n expresa por parte de los autores.<\/p><p>Independientemente de la finalidad para la que fueran destinados, la reproducci\u00f3n total o parcial, uso, explotaci\u00f3n, distribuci\u00f3n y comercializaci\u00f3n, requiere en todo caso de la autorizaci\u00f3n escrita previa por parte del titular del dominio.<\/p><p>El usuario se compromete a no realizar ning\u00fan acto en contra de los derechos de propiedad intelectual o industrial del autor.<\/p><p>El prestador autoriza\u00a0 expresamente a que terceros puedan redirigir directamente a los contenidos concretos del sitio web, debiendo en todo caso redirigir al sitio web principal del prestador.<\/p><ol start=\"3\"><li><strong>Uso de cookies.<\/strong><\/li><\/ol><p>Ben Trade Cables Ib\u00e9rica, S. A.\u00a0 como titular de esta web declara que utiliza procedimientos autom\u00e1ticos de recogida de informaci\u00f3n para guardar el registro de los Usuarios que visitan su p\u00e1gina web. Pulsa aqu\u00ed para acceder en nuestra pol\u00edtica de uso de cookies\u00a0<a href=\"http:\/\/www.btciberica.com\/politica-de-cookies\/\">politica de cookies<\/a><\/p><ol start=\"4\"><li><strong>Protecci\u00f3n de datos<\/strong><\/li><\/ol><p>Puede consultar nuestra pol\u00edtica sobre protecci\u00f3n de datos de car\u00e1cter personal al siguiente apartado <a href=\"\/politica-de-privacidad\">pol\u00edtica de privacidad<\/a><\/p><ol start=\"5\"><li><strong>Legislaci\u00f3n aplicable<\/strong><\/li><\/ol><p>Las presentes Condiciones se regir\u00e1n en todo momento por lo dispuesto en la legislaci\u00f3n espa\u00f1ola.<\/p>\t\t\t\t\t\t\t\t<\/div>\n\t\t\t\t<\/div>\n\t\t\t\t\t<\/div>\n\t\t<\/div>\n\t\t\t\t\t<\/div>\n\t\t<\/section>\n\t\t\t\t<\/div>\n\t\t","protected":false},"excerpt":{"rendered":"<p>Inicio Aviso legal AVISO LEGAL En virtud del cumplimiento de la Ley 34\/2002, de 11 de Julio, de Servicios de la Sociedad de la Informaci\u00f3n y de Comercio Electr\u00f3nico, le informamos: Art. 10 LSSI:&nbsp;&nbsp;www.btciberica.com&nbsp;es un dominio en internet de titularidad de Ben Trade Cables Ib\u00e9rica, S. A., con Domicilio Social en Pol\u00edgono Industrial Centov\u00eda C\/ [&hellip;]<\/p>\n","protected":false},"author":1,"featured_media":0,"parent":0,"menu_order":0,"comment_status":"closed","ping_status":"closed","template":"","meta":{"footnotes":""},"class_list":["post-75","page","type-page","status-publish","hentry"],"yoast_head":"<!-- This site is optimized with the Yoast SEO plugin v27.4 - https:\/\/yoast.com\/product\/yoast-seo-wordpress\/ -->\n<title>Aviso legal - BTC Iberica<\/title>\n<meta name=\"robots\" content=\"noindex, follow\" \/>\n<meta property=\"og:locale\" content=\"es_ES\" \/>\n<meta property=\"og:type\" content=\"article\" \/>\n<meta property=\"og:title\" content=\"Aviso legal - BTC Iberica\" \/>\n<meta property=\"og:description\" content=\"Inicio Aviso legal AVISO LEGAL En virtud del cumplimiento de la Ley 34\/2002, de 11 de Julio, de Servicios de la Sociedad de la Informaci\u00f3n y de Comercio Electr\u00f3nico, le informamos: Art. 10 LSSI:&nbsp;&nbsp;www.btciberica.com&nbsp;es un dominio en internet de titularidad de Ben Trade Cables Ib\u00e9rica, S. A., con Domicilio Social en Pol\u00edgono Industrial Centov\u00eda C\/ [&hellip;]\" \/>\n<meta property=\"og:url\" content=\"https:\/\/btciberica.com\/es\/aviso-legal\/\" \/>\n<meta property=\"og:site_name\" content=\"BTC Iberica\" \/>\n<meta property=\"article:modified_time\" content=\"2022-04-19T10:56:44+00:00\" \/>\n<meta name=\"twitter:card\" content=\"summary_large_image\" \/>\n<meta name=\"twitter:label1\" content=\"Tiempo de lectura\" \/>\n\t<meta name=\"twitter:data1\" content=\"5 minutos\" \/>\n<script type=\"application\/ld+json\" class=\"yoast-schema-graph\">{\"@context\":\"https:\\\/\\\/schema.org\",\"@graph\":[{\"@type\":\"WebPage\",\"@id\":\"https:\\\/\\\/btciberica.com\\\/es\\\/aviso-legal\\\/\",\"url\":\"https:\\\/\\\/btciberica.com\\\/es\\\/aviso-legal\\\/\",\"name\":\"Aviso legal - BTC Iberica\",\"isPartOf\":{\"@id\":\"https:\\\/\\\/btciberica.com\\\/#website\"},\"datePublished\":\"2021-02-18T15:17:38+00:00\",\"dateModified\":\"2022-04-19T10:56:44+00:00\",\"breadcrumb\":{\"@id\":\"https:\\\/\\\/btciberica.com\\\/es\\\/aviso-legal\\\/#breadcrumb\"},\"inLanguage\":\"es\",\"potentialAction\":[{\"@type\":\"ReadAction\",\"target\":[\"https:\\\/\\\/btciberica.com\\\/es\\\/aviso-legal\\\/\"]}]},{\"@type\":\"BreadcrumbList\",\"@id\":\"https:\\\/\\\/btciberica.com\\\/es\\\/aviso-legal\\\/#breadcrumb\",\"itemListElement\":[{\"@type\":\"ListItem\",\"position\":1,\"name\":\"Portada\",\"item\":\"https:\\\/\\\/btciberica.com\\\/es\\\/\"},{\"@type\":\"ListItem\",\"position\":2,\"name\":\"Aviso legal\"}]},{\"@type\":\"WebSite\",\"@id\":\"https:\\\/\\\/btciberica.com\\\/#website\",\"url\":\"https:\\\/\\\/btciberica.com\\\/\",\"name\":\"BTC Iberica\",\"description\":\"Ben Trade Cables Iberica S.A.\",\"publisher\":{\"@id\":\"https:\\\/\\\/btciberica.com\\\/#organization\"},\"potentialAction\":[{\"@type\":\"SearchAction\",\"target\":{\"@type\":\"EntryPoint\",\"urlTemplate\":\"https:\\\/\\\/btciberica.com\\\/?s={search_term_string}\"},\"query-input\":{\"@type\":\"PropertyValueSpecification\",\"valueRequired\":true,\"valueName\":\"search_term_string\"}}],\"inLanguage\":\"es\"},{\"@type\":\"Organization\",\"@id\":\"https:\\\/\\\/btciberica.com\\\/#organization\",\"name\":\"BTC Iberica\",\"url\":\"https:\\\/\\\/btciberica.com\\\/\",\"logo\":{\"@type\":\"ImageObject\",\"inLanguage\":\"es\",\"@id\":\"https:\\\/\\\/btciberica.com\\\/#\\\/schema\\\/logo\\\/image\\\/\",\"url\":\"https:\\\/\\\/btciberica.com\\\/wp-content\\\/uploads\\\/2021\\\/02\\\/btc-iberica-logo.jpg\",\"contentUrl\":\"https:\\\/\\\/btciberica.com\\\/wp-content\\\/uploads\\\/2021\\\/02\\\/btc-iberica-logo.jpg\",\"width\":250,\"height\":159,\"caption\":\"BTC Iberica\"},\"image\":{\"@id\":\"https:\\\/\\\/btciberica.com\\\/#\\\/schema\\\/logo\\\/image\\\/\"}}]}<\/script>\n<!-- \/ Yoast SEO plugin. -->","yoast_head_json":{"title":"Aviso legal - BTC Iberica","robots":{"index":"noindex","follow":"follow"},"og_locale":"es_ES","og_type":"article","og_title":"Aviso legal - BTC Iberica","og_description":"Inicio Aviso legal AVISO LEGAL En virtud del cumplimiento de la Ley 34\/2002, de 11 de Julio, de Servicios de la Sociedad de la Informaci\u00f3n y de Comercio Electr\u00f3nico, le informamos: Art. 10 LSSI:&nbsp;&nbsp;www.btciberica.com&nbsp;es un dominio en internet de titularidad de Ben Trade Cables Ib\u00e9rica, S. A., con Domicilio Social en Pol\u00edgono Industrial Centov\u00eda C\/ [&hellip;]","og_url":"https:\/\/btciberica.com\/es\/aviso-legal\/","og_site_name":"BTC Iberica","article_modified_time":"2022-04-19T10:56:44+00:00","twitter_card":"summary_large_image","twitter_misc":{"Tiempo de lectura":"5 minutos"},"schema":{"@context":"https:\/\/schema.org","@graph":[{"@type":"WebPage","@id":"https:\/\/btciberica.com\/es\/aviso-legal\/","url":"https:\/\/btciberica.com\/es\/aviso-legal\/","name":"Aviso legal - BTC Iberica","isPartOf":{"@id":"https:\/\/btciberica.com\/#website"},"datePublished":"2021-02-18T15:17:38+00:00","dateModified":"2022-04-19T10:56:44+00:00","breadcrumb":{"@id":"https:\/\/btciberica.com\/es\/aviso-legal\/#breadcrumb"},"inLanguage":"es","potentialAction":[{"@type":"ReadAction","target":["https:\/\/btciberica.com\/es\/aviso-legal\/"]}]},{"@type":"BreadcrumbList","@id":"https:\/\/btciberica.com\/es\/aviso-legal\/#breadcrumb","itemListElement":[{"@type":"ListItem","position":1,"name":"Portada","item":"https:\/\/btciberica.com\/es\/"},{"@type":"ListItem","position":2,"name":"Aviso legal"}]},{"@type":"WebSite","@id":"https:\/\/btciberica.com\/#website","url":"https:\/\/btciberica.com\/","name":"BTC Iberica","description":"Ben Trade Cables Iberica S.A.","publisher":{"@id":"https:\/\/btciberica.com\/#organization"},"potentialAction":[{"@type":"SearchAction","target":{"@type":"EntryPoint","urlTemplate":"https:\/\/btciberica.com\/?s={search_term_string}"},"query-input":{"@type":"PropertyValueSpecification","valueRequired":true,"valueName":"search_term_string"}}],"inLanguage":"es"},{"@type":"Organization","@id":"https:\/\/btciberica.com\/#organization","name":"BTC Iberica","url":"https:\/\/btciberica.com\/","logo":{"@type":"ImageObject","inLanguage":"es","@id":"https:\/\/btciberica.com\/#\/schema\/logo\/image\/","url":"https:\/\/btciberica.com\/wp-content\/uploads\/2021\/02\/btc-iberica-logo.jpg","contentUrl":"https:\/\/btciberica.com\/wp-content\/uploads\/2021\/02\/btc-iberica-logo.jpg","width":250,"height":159,"caption":"BTC Iberica"},"image":{"@id":"https:\/\/btciberica.com\/#\/schema\/logo\/image\/"}}]}},"_links":{"self":[{"href":"https:\/\/btciberica.com\/es\/wp-json\/wp\/v2\/pages\/75","targetHints":{"allow":["GET"]}}],"collection":[{"href":"https:\/\/btciberica.com\/es\/wp-json\/wp\/v2\/pages"}],"about":[{"href":"https:\/\/btciberica.com\/es\/wp-json\/wp\/v2\/types\/page"}],"author":[{"embeddable":true,"href":"https:\/\/btciberica.com\/es\/wp-json\/wp\/v2\/users\/1"}],"replies":[{"embeddable":true,"href":"https:\/\/btciberica.com\/es\/wp-json\/wp\/v2\/comments?post=75"}],"version-history":[{"count":11,"href":"https:\/\/btciberica.com\/es\/wp-json\/wp\/v2\/pages\/75\/revisions"}],"predecessor-version":[{"id":4314,"href":"https:\/\/btciberica.com\/es\/wp-json\/wp\/v2\/pages\/75\/revisions\/4314"}],"wp:attachment":[{"href":"https:\/\/btciberica.com\/es\/wp-json\/wp\/v2\/media?parent=75"}],"curies":[{"name":"wp","href":"https:\/\/api.w.org\/{rel}","templated":true}]}}