{"id":73,"date":"2021-02-18T15:17:26","date_gmt":"2021-02-18T15:17:26","guid":{"rendered":"https:\/\/btciberica.com\/?page_id=73"},"modified":"2021-11-16T15:40:46","modified_gmt":"2021-11-16T15:40:46","slug":"catalogos","status":"publish","type":"page","link":"https:\/\/btciberica.com\/es\/catalogos\/","title":{"rendered":"Cat\u00e1logos"},"content":{"rendered":"\t\t<div data-elementor-type=\"wp-page\" data-elementor-id=\"73\" class=\"elementor elementor-73\" data-elementor-post-type=\"page\">\n\t\t\t\t\t\t<section class=\"elementor-section elementor-top-section elementor-element elementor-element-0535b8c elementor-section-boxed elementor-section-height-default elementor-section-height-default\" data-id=\"0535b8c\" data-element_type=\"section\" data-e-type=\"section\" data-settings=\"{&quot;background_background&quot;:&quot;gradient&quot;}\">\n\t\t\t\t\t\t<div class=\"elementor-container elementor-column-gap-default\">\n\t\t\t\t\t<div class=\"elementor-column elementor-col-100 elementor-top-column elementor-element elementor-element-ce6b250\" data-id=\"ce6b250\" data-element_type=\"column\" data-e-type=\"column\">\n\t\t\t<div class=\"elementor-widget-wrap elementor-element-populated\">\n\t\t\t\t\t\t<div class=\"elementor-element elementor-element-bad8ff0 elementor-widget elementor-widget-jet-breadcrumbs\" data-id=\"bad8ff0\" data-element_type=\"widget\" data-e-type=\"widget\" data-widget_type=\"jet-breadcrumbs.default\">\n\t\t\t\t<div class=\"elementor-widget-container\">\n\t\t\t\t\t<div class=\"elementor-jet-breadcrumbs jet-blocks\">\n\t\t<div class=\"jet-breadcrumbs\">\n\t\t<div class=\"jet-breadcrumbs__content\">\n\t\t<div class=\"jet-breadcrumbs__wrap\"><div class=\"jet-breadcrumbs__item\"><a href=\"https:\/\/btciberica.com\/es\/\" class=\"jet-breadcrumbs__item-link is-home\" rel=\"home\" title=\"Inicio\">Inicio<\/a><\/div>\n\t\t<\/div>\n\t\t<\/div>\n\t\t<\/div><\/div>\t\t\t\t<\/div>\n\t\t\t\t<\/div>\n\t\t\t\t<div class=\"elementor-element elementor-element-821cac3 elementor-widget elementor-widget-heading\" data-id=\"821cac3\" data-element_type=\"widget\" data-e-type=\"widget\" data-widget_type=\"heading.default\">\n\t\t\t\t<div class=\"elementor-widget-container\">\n\t\t\t\t\t<h1 class=\"elementor-heading-title elementor-size-default\">Cat\u00e1logos<\/h1>\t\t\t\t<\/div>\n\t\t\t\t<\/div>\n\t\t\t\t\t<\/div>\n\t\t<\/div>\n\t\t\t\t\t<\/div>\n\t\t<\/section>\n\t\t\t\t<section class=\"elementor-section elementor-top-section elementor-element elementor-element-4d4aab6 elementor-section-boxed elementor-section-height-default elementor-section-height-default\" data-id=\"4d4aab6\" data-element_type=\"section\" data-e-type=\"section\" data-settings=\"{&quot;background_background&quot;:&quot;classic&quot;}\">\n\t\t\t\t\t\t<div class=\"elementor-container elementor-column-gap-default\">\n\t\t\t\t\t<div class=\"elementor-column elementor-col-33 elementor-top-column elementor-element elementor-element-cf7d5ea\" data-id=\"cf7d5ea\" data-element_type=\"column\" data-e-type=\"column\">\n\t\t\t<div class=\"elementor-widget-wrap elementor-element-populated\">\n\t\t\t\t\t\t<div class=\"elementor-element elementor-element-5f87302 elementor-widget elementor-widget-image\" data-id=\"5f87302\" data-element_type=\"widget\" data-e-type=\"widget\" data-widget_type=\"image.default\">\n\t\t\t\t<div class=\"elementor-widget-container\">\n\t\t\t\t\t\t\t\t\t\t\t\t\t\t\t\t<a href=\"https:\/\/btciberica.com\/wp-content\/uploads\/2021\/06\/BTC_Iberica_ESP.pdf\" target=\"_blank\" rel=\"nofollow\">\n\t\t\t\t\t\t\t<img fetchpriority=\"high\" decoding=\"async\" width=\"768\" height=\"1086\" src=\"https:\/\/btciberica.com\/wp-content\/uploads\/2021\/06\/BTC_Iberica_ESP-1-768x1086.jpg\" class=\"elementor-animation-float attachment-medium_large size-medium_large wp-image-1626\" alt=\"\" srcset=\"https:\/\/btciberica.com\/wp-content\/uploads\/2021\/06\/BTC_Iberica_ESP-1-768x1086.jpg 768w, https:\/\/btciberica.com\/wp-content\/uploads\/2021\/06\/BTC_Iberica_ESP-1-212x300.jpg 212w, https:\/\/btciberica.com\/wp-content\/uploads\/2021\/06\/BTC_Iberica_ESP-1-724x1024.jpg 724w, https:\/\/btciberica.com\/wp-content\/uploads\/2021\/06\/BTC_Iberica_ESP-1-1086x1536.jpg 1086w, https:\/\/btciberica.com\/wp-content\/uploads\/2021\/06\/BTC_Iberica_ESP-1-1448x2048.jpg 1448w, https:\/\/btciberica.com\/wp-content\/uploads\/2021\/06\/BTC_Iberica_ESP-1-scaled.jpg 1810w\" sizes=\"(max-width: 768px) 100vw, 768px\" \/>\t\t\t\t\t\t\t\t<\/a>\n\t\t\t\t\t\t\t\t\t\t\t\t\t\t\t<\/div>\n\t\t\t\t<\/div>\n\t\t\t\t<div class=\"elementor-element elementor-element-7cc778c elementor-widget elementor-widget-heading\" data-id=\"7cc778c\" data-element_type=\"widget\" data-e-type=\"widget\" data-widget_type=\"heading.default\">\n\t\t\t\t<div class=\"elementor-widget-container\">\n\t\t\t\t\t<p class=\"elementor-heading-title elementor-size-default\"><a href=\"https:\/\/btciberica.com\/wp-content\/uploads\/2021\/06\/BTC_Iberica_ESP.pdf\" target=\"_blank\" rel=\"nofollow\">Cat\u00e1logo BTC Ib\u00e9rica - Espa\u00f1ol<\/a><\/p>\t\t\t\t<\/div>\n\t\t\t\t<\/div>\n\t\t\t\t\t<\/div>\n\t\t<\/div>\n\t\t\t\t<div class=\"elementor-column elementor-col-33 elementor-top-column elementor-element elementor-element-120a854\" data-id=\"120a854\" data-element_type=\"column\" data-e-type=\"column\">\n\t\t\t<div class=\"elementor-widget-wrap elementor-element-populated\">\n\t\t\t\t\t\t<div class=\"elementor-element elementor-element-1cc8a3f elementor-widget elementor-widget-image\" data-id=\"1cc8a3f\" data-element_type=\"widget\" data-e-type=\"widget\" data-widget_type=\"image.default\">\n\t\t\t\t<div class=\"elementor-widget-container\">\n\t\t\t\t\t\t\t\t\t\t\t\t\t\t\t\t<a href=\"https:\/\/btciberica.com\/wp-content\/uploads\/2021\/06\/BTC_Iberica_ENG.pdf\" target=\"_blank\" rel=\"nofollow\">\n\t\t\t\t\t\t\t<img fetchpriority=\"high\" decoding=\"async\" width=\"768\" height=\"1086\" src=\"https:\/\/btciberica.com\/wp-content\/uploads\/2021\/06\/BTC_Iberica_ESP-1-768x1086.jpg\" class=\"elementor-animation-float attachment-medium_large size-medium_large wp-image-1626\" alt=\"\" srcset=\"https:\/\/btciberica.com\/wp-content\/uploads\/2021\/06\/BTC_Iberica_ESP-1-768x1086.jpg 768w, https:\/\/btciberica.com\/wp-content\/uploads\/2021\/06\/BTC_Iberica_ESP-1-212x300.jpg 212w, https:\/\/btciberica.com\/wp-content\/uploads\/2021\/06\/BTC_Iberica_ESP-1-724x1024.jpg 724w, https:\/\/btciberica.com\/wp-content\/uploads\/2021\/06\/BTC_Iberica_ESP-1-1086x1536.jpg 1086w, https:\/\/btciberica.com\/wp-content\/uploads\/2021\/06\/BTC_Iberica_ESP-1-1448x2048.jpg 1448w, https:\/\/btciberica.com\/wp-content\/uploads\/2021\/06\/BTC_Iberica_ESP-1-scaled.jpg 1810w\" sizes=\"(max-width: 768px) 100vw, 768px\" \/>\t\t\t\t\t\t\t\t<\/a>\n\t\t\t\t\t\t\t\t\t\t\t\t\t\t\t<\/div>\n\t\t\t\t<\/div>\n\t\t\t\t<div class=\"elementor-element elementor-element-96e39bf elementor-widget elementor-widget-heading\" data-id=\"96e39bf\" data-element_type=\"widget\" data-e-type=\"widget\" data-widget_type=\"heading.default\">\n\t\t\t\t<div class=\"elementor-widget-container\">\n\t\t\t\t\t<p class=\"elementor-heading-title elementor-size-default\"><a href=\"https:\/\/btciberica.com\/wp-content\/uploads\/2021\/06\/BTC_Iberica_ENG.pdf\" target=\"_blank\" rel=\"nofollow\">Cat\u00e1logo BTC Ib\u00e9rica - Ingl\u00e9s<\/a><\/p>\t\t\t\t<\/div>\n\t\t\t\t<\/div>\n\t\t\t\t\t<\/div>\n\t\t<\/div>\n\t\t\t\t<div class=\"elementor-column elementor-col-33 elementor-top-column elementor-element elementor-element-ceb505d\" data-id=\"ceb505d\" data-element_type=\"column\" data-e-type=\"column\">\n\t\t\t<div class=\"elementor-widget-wrap elementor-element-populated\">\n\t\t\t\t\t\t<div class=\"elementor-element elementor-element-401adfd elementor-widget elementor-widget-image\" data-id=\"401adfd\" data-element_type=\"widget\" data-e-type=\"widget\" data-widget_type=\"image.default\">\n\t\t\t\t<div class=\"elementor-widget-container\">\n\t\t\t\t\t\t\t\t\t\t\t\t\t\t\t\t<a href=\"https:\/\/btciberica.com\/wp-content\/uploads\/2021\/06\/BTC_Iberica_FRA.pdf\" target=\"_blank\" rel=\"nofollow\">\n\t\t\t\t\t\t\t<img fetchpriority=\"high\" decoding=\"async\" width=\"768\" height=\"1086\" src=\"https:\/\/btciberica.com\/wp-content\/uploads\/2021\/06\/BTC_Iberica_ESP-1-768x1086.jpg\" class=\"elementor-animation-float attachment-medium_large size-medium_large wp-image-1626\" alt=\"\" srcset=\"https:\/\/btciberica.com\/wp-content\/uploads\/2021\/06\/BTC_Iberica_ESP-1-768x1086.jpg 768w, https:\/\/btciberica.com\/wp-content\/uploads\/2021\/06\/BTC_Iberica_ESP-1-212x300.jpg 212w, https:\/\/btciberica.com\/wp-content\/uploads\/2021\/06\/BTC_Iberica_ESP-1-724x1024.jpg 724w, https:\/\/btciberica.com\/wp-content\/uploads\/2021\/06\/BTC_Iberica_ESP-1-1086x1536.jpg 1086w, https:\/\/btciberica.com\/wp-content\/uploads\/2021\/06\/BTC_Iberica_ESP-1-1448x2048.jpg 1448w, https:\/\/btciberica.com\/wp-content\/uploads\/2021\/06\/BTC_Iberica_ESP-1-scaled.jpg 1810w\" sizes=\"(max-width: 768px) 100vw, 768px\" \/>\t\t\t\t\t\t\t\t<\/a>\n\t\t\t\t\t\t\t\t\t\t\t\t\t\t\t<\/div>\n\t\t\t\t<\/div>\n\t\t\t\t<div class=\"elementor-element elementor-element-d589ee5 elementor-widget elementor-widget-heading\" data-id=\"d589ee5\" data-element_type=\"widget\" data-e-type=\"widget\" data-widget_type=\"heading.default\">\n\t\t\t\t<div class=\"elementor-widget-container\">\n\t\t\t\t\t<p class=\"elementor-heading-title elementor-size-default\"><a href=\"https:\/\/btciberica.com\/wp-content\/uploads\/2021\/06\/BTC_Iberica_FRA.pdf\" target=\"_blank\" rel=\"nofollow\">Cat\u00e1logo BTC Ib\u00e9rica - Franc\u00e9s<\/a><\/p>\t\t\t\t<\/div>\n\t\t\t\t<\/div>\n\t\t\t\t\t<\/div>\n\t\t<\/div>\n\t\t\t\t\t<\/div>\n\t\t<\/section>\n\t\t\t\t<\/div>\n\t\t","protected":false},"excerpt":{"rendered":"<p>Inicio Cat\u00e1logos Cat\u00e1logo BTC Ib\u00e9rica &#8211; Espa\u00f1ol Cat\u00e1logo BTC Ib\u00e9rica &#8211; Ingl\u00e9s Cat\u00e1logo BTC Ib\u00e9rica &#8211; Franc\u00e9s<\/p>\n","protected":false},"author":1,"featured_media":0,"parent":0,"menu_order":0,"comment_status":"closed","ping_status":"closed","template":"","meta":{"footnotes":""},"class_list":["post-73","page","type-page","status-publish","hentry"],"yoast_head":"<!-- This site is optimized with the Yoast SEO plugin v27.2 - https:\/\/yoast.com\/product\/yoast-seo-wordpress\/ -->\n<title>Cat\u00e1logos - BTC Iberica<\/title>\n<meta name=\"robots\" content=\"index, follow, max-snippet:-1, max-image-preview:large, max-video-preview:-1\" \/>\n<link rel=\"canonical\" href=\"https:\/\/btciberica.com\/es\/catalogos\/\" \/>\n<meta property=\"og:locale\" content=\"es_ES\" \/>\n<meta property=\"og:type\" content=\"article\" \/>\n<meta property=\"og:title\" content=\"Cat\u00e1logos - BTC Iberica\" \/>\n<meta property=\"og:description\" content=\"Inicio Cat\u00e1logos Cat\u00e1logo BTC Ib\u00e9rica &#8211; Espa\u00f1ol Cat\u00e1logo BTC Ib\u00e9rica &#8211; Ingl\u00e9s Cat\u00e1logo BTC Ib\u00e9rica &#8211; Franc\u00e9s\" \/>\n<meta property=\"og:url\" content=\"https:\/\/btciberica.com\/es\/catalogos\/\" \/>\n<meta property=\"og:site_name\" content=\"BTC Iberica\" \/>\n<meta property=\"article:modified_time\" content=\"2021-11-16T15:40:46+00:00\" \/>\n<meta property=\"og:image\" content=\"https:\/\/btciberica.com\/wp-content\/uploads\/2021\/06\/BTC_Iberica_ESP-1-768x1086.jpg\" \/>\n<meta name=\"twitter:card\" content=\"summary_large_image\" \/>\n<script type=\"application\/ld+json\" class=\"yoast-schema-graph\">{\"@context\":\"https:\/\/schema.org\",\"@graph\":[{\"@type\":\"WebPage\",\"@id\":\"https:\/\/btciberica.com\/es\/catalogos\/\",\"url\":\"https:\/\/btciberica.com\/es\/catalogos\/\",\"name\":\"Cat\u00e1logos - BTC Iberica\",\"isPartOf\":{\"@id\":\"https:\/\/btciberica.com\/#website\"},\"primaryImageOfPage\":{\"@id\":\"https:\/\/btciberica.com\/es\/catalogos\/#primaryimage\"},\"image\":{\"@id\":\"https:\/\/btciberica.com\/es\/catalogos\/#primaryimage\"},\"thumbnailUrl\":\"https:\/\/btciberica.com\/wp-content\/uploads\/2021\/06\/BTC_Iberica_ESP-1-768x1086.jpg\",\"datePublished\":\"2021-02-18T15:17:26+00:00\",\"dateModified\":\"2021-11-16T15:40:46+00:00\",\"breadcrumb\":{\"@id\":\"https:\/\/btciberica.com\/es\/catalogos\/#breadcrumb\"},\"inLanguage\":\"es\",\"potentialAction\":[{\"@type\":\"ReadAction\",\"target\":[\"https:\/\/btciberica.com\/es\/catalogos\/\"]}]},{\"@type\":\"ImageObject\",\"inLanguage\":\"es\",\"@id\":\"https:\/\/btciberica.com\/es\/catalogos\/#primaryimage\",\"url\":\"https:\/\/btciberica.com\/wp-content\/uploads\/2021\/06\/BTC_Iberica_ESP-1-768x1086.jpg\",\"contentUrl\":\"https:\/\/btciberica.com\/wp-content\/uploads\/2021\/06\/BTC_Iberica_ESP-1-768x1086.jpg\"},{\"@type\":\"BreadcrumbList\",\"@id\":\"https:\/\/btciberica.com\/es\/catalogos\/#breadcrumb\",\"itemListElement\":[{\"@type\":\"ListItem\",\"position\":1,\"name\":\"Portada\",\"item\":\"https:\/\/btciberica.com\/es\/\"},{\"@type\":\"ListItem\",\"position\":2,\"name\":\"Cat\u00e1logos\"}]},{\"@type\":\"WebSite\",\"@id\":\"https:\/\/btciberica.com\/#website\",\"url\":\"https:\/\/btciberica.com\/\",\"name\":\"BTC Iberica\",\"description\":\"Ben Trade Cables Iberica S.A.\",\"publisher\":{\"@id\":\"https:\/\/btciberica.com\/#organization\"},\"potentialAction\":[{\"@type\":\"SearchAction\",\"target\":{\"@type\":\"EntryPoint\",\"urlTemplate\":\"https:\/\/btciberica.com\/?s={search_term_string}\"},\"query-input\":{\"@type\":\"PropertyValueSpecification\",\"valueRequired\":true,\"valueName\":\"search_term_string\"}}],\"inLanguage\":\"es\"},{\"@type\":\"Organization\",\"@id\":\"https:\/\/btciberica.com\/#organization\",\"name\":\"BTC Iberica\",\"url\":\"https:\/\/btciberica.com\/\",\"logo\":{\"@type\":\"ImageObject\",\"inLanguage\":\"es\",\"@id\":\"https:\/\/btciberica.com\/#\/schema\/logo\/image\/\",\"url\":\"https:\/\/btciberica.com\/wp-content\/uploads\/2021\/02\/btc-iberica-logo.jpg\",\"contentUrl\":\"https:\/\/btciberica.com\/wp-content\/uploads\/2021\/02\/btc-iberica-logo.jpg\",\"width\":250,\"height\":159,\"caption\":\"BTC Iberica\"},\"image\":{\"@id\":\"https:\/\/btciberica.com\/#\/schema\/logo\/image\/\"}}]}<\/script>\n<!-- \/ Yoast SEO plugin. -->","yoast_head_json":{"title":"Cat\u00e1logos - BTC Iberica","robots":{"index":"index","follow":"follow","max-snippet":"max-snippet:-1","max-image-preview":"max-image-preview:large","max-video-preview":"max-video-preview:-1"},"canonical":"https:\/\/btciberica.com\/es\/catalogos\/","og_locale":"es_ES","og_type":"article","og_title":"Cat\u00e1logos - BTC Iberica","og_description":"Inicio Cat\u00e1logos Cat\u00e1logo BTC Ib\u00e9rica &#8211; Espa\u00f1ol Cat\u00e1logo BTC Ib\u00e9rica &#8211; Ingl\u00e9s Cat\u00e1logo BTC Ib\u00e9rica &#8211; Franc\u00e9s","og_url":"https:\/\/btciberica.com\/es\/catalogos\/","og_site_name":"BTC Iberica","article_modified_time":"2021-11-16T15:40:46+00:00","og_image":[{"url":"https:\/\/btciberica.com\/wp-content\/uploads\/2021\/06\/BTC_Iberica_ESP-1-768x1086.jpg","type":"","width":"","height":""}],"twitter_card":"summary_large_image","schema":{"@context":"https:\/\/schema.org","@graph":[{"@type":"WebPage","@id":"https:\/\/btciberica.com\/es\/catalogos\/","url":"https:\/\/btciberica.com\/es\/catalogos\/","name":"Cat\u00e1logos - BTC Iberica","isPartOf":{"@id":"https:\/\/btciberica.com\/#website"},"primaryImageOfPage":{"@id":"https:\/\/btciberica.com\/es\/catalogos\/#primaryimage"},"image":{"@id":"https:\/\/btciberica.com\/es\/catalogos\/#primaryimage"},"thumbnailUrl":"https:\/\/btciberica.com\/wp-content\/uploads\/2021\/06\/BTC_Iberica_ESP-1-768x1086.jpg","datePublished":"2021-02-18T15:17:26+00:00","dateModified":"2021-11-16T15:40:46+00:00","breadcrumb":{"@id":"https:\/\/btciberica.com\/es\/catalogos\/#breadcrumb"},"inLanguage":"es","potentialAction":[{"@type":"ReadAction","target":["https:\/\/btciberica.com\/es\/catalogos\/"]}]},{"@type":"ImageObject","inLanguage":"es","@id":"https:\/\/btciberica.com\/es\/catalogos\/#primaryimage","url":"https:\/\/btciberica.com\/wp-content\/uploads\/2021\/06\/BTC_Iberica_ESP-1-768x1086.jpg","contentUrl":"https:\/\/btciberica.com\/wp-content\/uploads\/2021\/06\/BTC_Iberica_ESP-1-768x1086.jpg"},{"@type":"BreadcrumbList","@id":"https:\/\/btciberica.com\/es\/catalogos\/#breadcrumb","itemListElement":[{"@type":"ListItem","position":1,"name":"Portada","item":"https:\/\/btciberica.com\/es\/"},{"@type":"ListItem","position":2,"name":"Cat\u00e1logos"}]},{"@type":"WebSite","@id":"https:\/\/btciberica.com\/#website","url":"https:\/\/btciberica.com\/","name":"BTC Iberica","description":"Ben Trade Cables Iberica S.A.","publisher":{"@id":"https:\/\/btciberica.com\/#organization"},"potentialAction":[{"@type":"SearchAction","target":{"@type":"EntryPoint","urlTemplate":"https:\/\/btciberica.com\/?s={search_term_string}"},"query-input":{"@type":"PropertyValueSpecification","valueRequired":true,"valueName":"search_term_string"}}],"inLanguage":"es"},{"@type":"Organization","@id":"https:\/\/btciberica.com\/#organization","name":"BTC Iberica","url":"https:\/\/btciberica.com\/","logo":{"@type":"ImageObject","inLanguage":"es","@id":"https:\/\/btciberica.com\/#\/schema\/logo\/image\/","url":"https:\/\/btciberica.com\/wp-content\/uploads\/2021\/02\/btc-iberica-logo.jpg","contentUrl":"https:\/\/btciberica.com\/wp-content\/uploads\/2021\/02\/btc-iberica-logo.jpg","width":250,"height":159,"caption":"BTC Iberica"},"image":{"@id":"https:\/\/btciberica.com\/#\/schema\/logo\/image\/"}}]}},"_links":{"self":[{"href":"https:\/\/btciberica.com\/es\/wp-json\/wp\/v2\/pages\/73","targetHints":{"allow":["GET"]}}],"collection":[{"href":"https:\/\/btciberica.com\/es\/wp-json\/wp\/v2\/pages"}],"about":[{"href":"https:\/\/btciberica.com\/es\/wp-json\/wp\/v2\/types\/page"}],"author":[{"embeddable":true,"href":"https:\/\/btciberica.com\/es\/wp-json\/wp\/v2\/users\/1"}],"replies":[{"embeddable":true,"href":"https:\/\/btciberica.com\/es\/wp-json\/wp\/v2\/comments?post=73"}],"version-history":[{"count":21,"href":"https:\/\/btciberica.com\/es\/wp-json\/wp\/v2\/pages\/73\/revisions"}],"predecessor-version":[{"id":2960,"href":"https:\/\/btciberica.com\/es\/wp-json\/wp\/v2\/pages\/73\/revisions\/2960"}],"wp:attachment":[{"href":"https:\/\/btciberica.com\/es\/wp-json\/wp\/v2\/media?parent=73"}],"curies":[{"name":"wp","href":"https:\/\/api.w.org\/{rel}","templated":true}]}}