{"id":62,"date":"2021-02-18T15:15:26","date_gmt":"2021-02-18T15:15:26","guid":{"rendered":"https:\/\/btciberica.com\/?page_id=62"},"modified":"2021-07-26T11:22:33","modified_gmt":"2021-07-26T11:22:33","slug":"responsabilidad-social-corporativa","status":"publish","type":"page","link":"https:\/\/btciberica.com\/es\/responsabilidad-social-corporativa\/","title":{"rendered":"Responsabilidad Social Corporativa"},"content":{"rendered":"\t\t<div data-elementor-type=\"wp-page\" data-elementor-id=\"62\" class=\"elementor elementor-62\" data-elementor-post-type=\"page\">\n\t\t\t\t\t\t<section class=\"elementor-section elementor-top-section elementor-element elementor-element-413bdb7 elementor-section-boxed elementor-section-height-default elementor-section-height-default\" data-id=\"413bdb7\" data-element_type=\"section\" data-e-type=\"section\" data-settings=\"{&quot;background_background&quot;:&quot;gradient&quot;}\">\n\t\t\t\t\t\t<div class=\"elementor-container elementor-column-gap-default\">\n\t\t\t\t\t<div class=\"elementor-column elementor-col-100 elementor-top-column elementor-element elementor-element-cc91ee9\" data-id=\"cc91ee9\" data-element_type=\"column\" data-e-type=\"column\">\n\t\t\t<div class=\"elementor-widget-wrap elementor-element-populated\">\n\t\t\t\t\t\t<div class=\"elementor-element elementor-element-622b726 elementor-widget elementor-widget-jet-breadcrumbs\" data-id=\"622b726\" data-element_type=\"widget\" data-e-type=\"widget\" data-widget_type=\"jet-breadcrumbs.default\">\n\t\t\t\t<div class=\"elementor-widget-container\">\n\t\t\t\t\t<div class=\"elementor-jet-breadcrumbs jet-blocks\">\n\t\t<div class=\"jet-breadcrumbs\">\n\t\t<div class=\"jet-breadcrumbs__content\">\n\t\t<div class=\"jet-breadcrumbs__wrap\"><div class=\"jet-breadcrumbs__item\"><a href=\"https:\/\/btciberica.com\/es\/\" class=\"jet-breadcrumbs__item-link is-home\" rel=\"home\" title=\"Inicio\">Inicio<\/a><\/div>\n\t\t<\/div>\n\t\t<\/div>\n\t\t<\/div><\/div>\t\t\t\t<\/div>\n\t\t\t\t<\/div>\n\t\t\t\t<div class=\"elementor-element elementor-element-fdba787 elementor-widget elementor-widget-heading\" data-id=\"fdba787\" data-element_type=\"widget\" data-e-type=\"widget\" data-widget_type=\"heading.default\">\n\t\t\t\t<div class=\"elementor-widget-container\">\n\t\t\t\t\t<h1 class=\"elementor-heading-title elementor-size-default\">Responsabilidad social corporativa<\/h1>\t\t\t\t<\/div>\n\t\t\t\t<\/div>\n\t\t\t\t\t<\/div>\n\t\t<\/div>\n\t\t\t\t\t<\/div>\n\t\t<\/section>\n\t\t\t\t<section class=\"elementor-section elementor-top-section elementor-element elementor-element-3cbfc0c elementor-section-boxed elementor-section-height-default elementor-section-height-default\" data-id=\"3cbfc0c\" data-element_type=\"section\" data-e-type=\"section\">\n\t\t\t\t\t\t<div class=\"elementor-container elementor-column-gap-default\">\n\t\t\t\t\t<div class=\"elementor-column elementor-col-100 elementor-top-column elementor-element elementor-element-7c3d9fc\" data-id=\"7c3d9fc\" data-element_type=\"column\" data-e-type=\"column\">\n\t\t\t<div class=\"elementor-widget-wrap elementor-element-populated\">\n\t\t\t\t\t\t<div class=\"elementor-element elementor-element-3c45dcf elementor-widget elementor-widget-text-editor\" data-id=\"3c45dcf\" data-element_type=\"widget\" data-e-type=\"widget\" data-widget_type=\"text-editor.default\">\n\t\t\t\t<div class=\"elementor-widget-container\">\n\t\t\t\t\t\t\t\t\t<p>En BTC Ib\u00e9rica estamos comprometidos con nuestro entorno y con la sociedad en la que vivimos. Por ello, contamos con un ambicioso programa de eficiencia en gesti\u00f3n medioambiental de acuerdo a la ISO 14001.<\/p><p>Por otro lado, todos nuestros cables cumplen con las normas de manipulaci\u00f3n de sustancias qu\u00edmicas y con la restricci\u00f3n del uso de ciertas sustancias peligrosas de acuerdo a las directivas europeas REACH y ROHS.<\/p><p>En BTC Ib\u00e9rica definimos, asumimos y transmitimos un ambiciosa pol\u00edtica de gesti\u00f3n integral en relaci\u00f3n a la calidad de nuestros productos y a nuestro compromiso con el medio ambiente. Esta pol\u00edtica se basa en acciones de mejora continua en todos los aspectos, en la prevenci\u00f3n de la contaminaci\u00f3n medioambiental, en la correcta asignaci\u00f3n de responsabilidades a los miembros de la empresa y en la consecuci\u00f3n de los siguientes objetivos estrat\u00e9gicos:<\/p>\t\t\t\t\t\t\t\t<\/div>\n\t\t\t\t<\/div>\n\t\t\t\t<div class=\"elementor-element elementor-element-91c6d51 elementor-icon-list--layout-traditional elementor-list-item-link-full_width elementor-widget elementor-widget-icon-list\" data-id=\"91c6d51\" data-element_type=\"widget\" data-e-type=\"widget\" data-widget_type=\"icon-list.default\">\n\t\t\t\t<div class=\"elementor-widget-container\">\n\t\t\t\t\t\t\t<ul class=\"elementor-icon-list-items\">\n\t\t\t\t\t\t\t<li class=\"elementor-icon-list-item\">\n\t\t\t\t\t\t\t\t\t\t\t<span class=\"elementor-icon-list-icon\">\n\t\t\t\t\t\t\t<i aria-hidden=\"true\" class=\"fas fa-chevron-right\"><\/i>\t\t\t\t\t\t<\/span>\n\t\t\t\t\t\t\t\t\t\t<span class=\"elementor-icon-list-text\">Proporcionar la mejor calidad de servicio a nuestros clientes<\/span>\n\t\t\t\t\t\t\t\t\t<\/li>\n\t\t\t\t\t\t\t\t<li class=\"elementor-icon-list-item\">\n\t\t\t\t\t\t\t\t\t\t\t<span class=\"elementor-icon-list-icon\">\n\t\t\t\t\t\t\t<i aria-hidden=\"true\" class=\"fas fa-chevron-right\"><\/i>\t\t\t\t\t\t<\/span>\n\t\t\t\t\t\t\t\t\t\t<span class=\"elementor-icon-list-text\">Crear un excelente ambiente de trabajo para los empleados<\/span>\n\t\t\t\t\t\t\t\t\t<\/li>\n\t\t\t\t\t\t\t\t<li class=\"elementor-icon-list-item\">\n\t\t\t\t\t\t\t\t\t\t\t<span class=\"elementor-icon-list-icon\">\n\t\t\t\t\t\t\t<i aria-hidden=\"true\" class=\"fas fa-chevron-right\"><\/i>\t\t\t\t\t\t<\/span>\n\t\t\t\t\t\t\t\t\t\t<span class=\"elementor-icon-list-text\">Fomentar y favorecer la mejora continua de nuestros cables<\/span>\n\t\t\t\t\t\t\t\t\t<\/li>\n\t\t\t\t\t\t\t\t<li class=\"elementor-icon-list-item\">\n\t\t\t\t\t\t\t\t\t\t\t<span class=\"elementor-icon-list-icon\">\n\t\t\t\t\t\t\t<i aria-hidden=\"true\" class=\"fas fa-chevron-right\"><\/i>\t\t\t\t\t\t<\/span>\n\t\t\t\t\t\t\t\t\t\t<span class=\"elementor-icon-list-text\">Estimular la formaci\u00f3n y ofrecer a los empleados los recursos necesarios para el desarrollo adecuado de su trabajo<\/span>\n\t\t\t\t\t\t\t\t\t<\/li>\n\t\t\t\t\t\t\t\t<li class=\"elementor-icon-list-item\">\n\t\t\t\t\t\t\t\t\t\t\t<span class=\"elementor-icon-list-icon\">\n\t\t\t\t\t\t\t<i aria-hidden=\"true\" class=\"fas fa-chevron-right\"><\/i>\t\t\t\t\t\t<\/span>\n\t\t\t\t\t\t\t\t\t\t<span class=\"elementor-icon-list-text\">Satisfacer las expectativas y necesidades de nuestros clientes<\/span>\n\t\t\t\t\t\t\t\t\t<\/li>\n\t\t\t\t\t\t\t\t<li class=\"elementor-icon-list-item\">\n\t\t\t\t\t\t\t\t\t\t\t<span class=\"elementor-icon-list-icon\">\n\t\t\t\t\t\t\t<i aria-hidden=\"true\" class=\"fas fa-chevron-right\"><\/i>\t\t\t\t\t\t<\/span>\n\t\t\t\t\t\t\t\t\t\t<span class=\"elementor-icon-list-text\">Cumplir con la legislaci\u00f3n vigente y cualquier documento en relaci\u00f3n con los aspectos ambientales que la empresa pueda firmar<\/span>\n\t\t\t\t\t\t\t\t\t<\/li>\n\t\t\t\t\t\t\t\t<li class=\"elementor-icon-list-item\">\n\t\t\t\t\t\t\t\t\t\t\t<span class=\"elementor-icon-list-icon\">\n\t\t\t\t\t\t\t<i aria-hidden=\"true\" class=\"fas fa-chevron-right\"><\/i>\t\t\t\t\t\t<\/span>\n\t\t\t\t\t\t\t\t\t\t<span class=\"elementor-icon-list-text\">Lograr la integraci\u00f3n de toda la gesti\u00f3n de la empresa en el Sistema Integral establecido<\/span>\n\t\t\t\t\t\t\t\t\t<\/li>\n\t\t\t\t\t\t<\/ul>\n\t\t\t\t\t\t<\/div>\n\t\t\t\t<\/div>\n\t\t\t\t<div class=\"elementor-element elementor-element-cd6d3f9 elementor-widget elementor-widget-text-editor\" data-id=\"cd6d3f9\" data-element_type=\"widget\" data-e-type=\"widget\" data-widget_type=\"text-editor.default\">\n\t\t\t\t<div class=\"elementor-widget-container\">\n\t\t\t\t\t\t\t\t\t<p>Para garantizar el cumplimiento de las metas mencionadas, BTC Ib\u00e9rica ha establecido un sistema que controla la ejecuci\u00f3n de las auditor\u00edas internas, la celebraci\u00f3n de reuniones sobre la evoluci\u00f3n del Sistema Integrado de Gesti\u00f3n y de los objetivos y metas establecidas en relaci\u00f3n a calidad y medio Ambiente, y el seguimiento continuo de la satisfacci\u00f3n de las partes implicadas. De esta manera se garantiza el logro de los objetivos y la eficacia del Sistema de Gesti\u00f3n Integral establecido.<\/p><p>La organizaci\u00f3n de BTC Ib\u00e9rica est\u00e1 estructurada para garantizar el cumplimiento de los objetivos descritos en la Pol\u00edtica de Gesti\u00f3n Integral, la correcta asignaci\u00f3n de responsabilidades y el cumplimiento de la presente gu\u00eda.<\/p>\t\t\t\t\t\t\t\t<\/div>\n\t\t\t\t<\/div>\n\t\t\t\t\t<\/div>\n\t\t<\/div>\n\t\t\t\t\t<\/div>\n\t\t<\/section>\n\t\t\t\t<\/div>\n\t\t","protected":false},"excerpt":{"rendered":"<p>Inicio Responsabilidad social corporativa En BTC Ib\u00e9rica estamos comprometidos con nuestro entorno y con la sociedad en la que vivimos. Por ello, contamos con un ambicioso programa de eficiencia en gesti\u00f3n medioambiental de acuerdo a la ISO 14001. Por otro lado, todos nuestros cables cumplen con las normas de manipulaci\u00f3n de sustancias qu\u00edmicas y con [&hellip;]<\/p>\n","protected":false},"author":1,"featured_media":0,"parent":0,"menu_order":0,"comment_status":"closed","ping_status":"closed","template":"","meta":{"footnotes":""},"class_list":["post-62","page","type-page","status-publish","hentry"],"yoast_head":"<!-- This site is optimized with the Yoast SEO plugin v27.2 - https:\/\/yoast.com\/product\/yoast-seo-wordpress\/ -->\n<title>Responsabilidad Social Corporativa - BTC Iberica<\/title>\n<meta name=\"robots\" content=\"index, follow, max-snippet:-1, max-image-preview:large, max-video-preview:-1\" \/>\n<link rel=\"canonical\" href=\"https:\/\/btciberica.com\/es\/responsabilidad-social-corporativa\/\" \/>\n<meta property=\"og:locale\" content=\"es_ES\" \/>\n<meta property=\"og:type\" content=\"article\" \/>\n<meta property=\"og:title\" content=\"Responsabilidad Social Corporativa - BTC Iberica\" \/>\n<meta property=\"og:description\" content=\"Inicio Responsabilidad social corporativa En BTC Ib\u00e9rica estamos comprometidos con nuestro entorno y con la sociedad en la que vivimos. Por ello, contamos con un ambicioso programa de eficiencia en gesti\u00f3n medioambiental de acuerdo a la ISO 14001. Por otro lado, todos nuestros cables cumplen con las normas de manipulaci\u00f3n de sustancias qu\u00edmicas y con [&hellip;]\" \/>\n<meta property=\"og:url\" content=\"https:\/\/btciberica.com\/es\/responsabilidad-social-corporativa\/\" \/>\n<meta property=\"og:site_name\" content=\"BTC Iberica\" \/>\n<meta property=\"article:modified_time\" content=\"2021-07-26T11:22:33+00:00\" \/>\n<meta name=\"twitter:card\" content=\"summary_large_image\" \/>\n<meta name=\"twitter:label1\" content=\"Tiempo de lectura\" \/>\n\t<meta name=\"twitter:data1\" content=\"2 minutos\" \/>\n<script type=\"application\/ld+json\" class=\"yoast-schema-graph\">{\"@context\":\"https:\/\/schema.org\",\"@graph\":[{\"@type\":\"WebPage\",\"@id\":\"https:\/\/btciberica.com\/es\/responsabilidad-social-corporativa\/\",\"url\":\"https:\/\/btciberica.com\/es\/responsabilidad-social-corporativa\/\",\"name\":\"Responsabilidad Social Corporativa - BTC Iberica\",\"isPartOf\":{\"@id\":\"https:\/\/btciberica.com\/#website\"},\"datePublished\":\"2021-02-18T15:15:26+00:00\",\"dateModified\":\"2021-07-26T11:22:33+00:00\",\"breadcrumb\":{\"@id\":\"https:\/\/btciberica.com\/es\/responsabilidad-social-corporativa\/#breadcrumb\"},\"inLanguage\":\"es\",\"potentialAction\":[{\"@type\":\"ReadAction\",\"target\":[\"https:\/\/btciberica.com\/es\/responsabilidad-social-corporativa\/\"]}]},{\"@type\":\"BreadcrumbList\",\"@id\":\"https:\/\/btciberica.com\/es\/responsabilidad-social-corporativa\/#breadcrumb\",\"itemListElement\":[{\"@type\":\"ListItem\",\"position\":1,\"name\":\"Portada\",\"item\":\"https:\/\/btciberica.com\/es\/\"},{\"@type\":\"ListItem\",\"position\":2,\"name\":\"Responsabilidad Social Corporativa\"}]},{\"@type\":\"WebSite\",\"@id\":\"https:\/\/btciberica.com\/#website\",\"url\":\"https:\/\/btciberica.com\/\",\"name\":\"BTC Iberica\",\"description\":\"Ben Trade Cables Iberica S.A.\",\"publisher\":{\"@id\":\"https:\/\/btciberica.com\/#organization\"},\"potentialAction\":[{\"@type\":\"SearchAction\",\"target\":{\"@type\":\"EntryPoint\",\"urlTemplate\":\"https:\/\/btciberica.com\/?s={search_term_string}\"},\"query-input\":{\"@type\":\"PropertyValueSpecification\",\"valueRequired\":true,\"valueName\":\"search_term_string\"}}],\"inLanguage\":\"es\"},{\"@type\":\"Organization\",\"@id\":\"https:\/\/btciberica.com\/#organization\",\"name\":\"BTC Iberica\",\"url\":\"https:\/\/btciberica.com\/\",\"logo\":{\"@type\":\"ImageObject\",\"inLanguage\":\"es\",\"@id\":\"https:\/\/btciberica.com\/#\/schema\/logo\/image\/\",\"url\":\"https:\/\/btciberica.com\/wp-content\/uploads\/2021\/02\/btc-iberica-logo.jpg\",\"contentUrl\":\"https:\/\/btciberica.com\/wp-content\/uploads\/2021\/02\/btc-iberica-logo.jpg\",\"width\":250,\"height\":159,\"caption\":\"BTC Iberica\"},\"image\":{\"@id\":\"https:\/\/btciberica.com\/#\/schema\/logo\/image\/\"}}]}<\/script>\n<!-- \/ Yoast SEO plugin. -->","yoast_head_json":{"title":"Responsabilidad Social Corporativa - BTC Iberica","robots":{"index":"index","follow":"follow","max-snippet":"max-snippet:-1","max-image-preview":"max-image-preview:large","max-video-preview":"max-video-preview:-1"},"canonical":"https:\/\/btciberica.com\/es\/responsabilidad-social-corporativa\/","og_locale":"es_ES","og_type":"article","og_title":"Responsabilidad Social Corporativa - BTC Iberica","og_description":"Inicio Responsabilidad social corporativa En BTC Ib\u00e9rica estamos comprometidos con nuestro entorno y con la sociedad en la que vivimos. Por ello, contamos con un ambicioso programa de eficiencia en gesti\u00f3n medioambiental de acuerdo a la ISO 14001. Por otro lado, todos nuestros cables cumplen con las normas de manipulaci\u00f3n de sustancias qu\u00edmicas y con [&hellip;]","og_url":"https:\/\/btciberica.com\/es\/responsabilidad-social-corporativa\/","og_site_name":"BTC Iberica","article_modified_time":"2021-07-26T11:22:33+00:00","twitter_card":"summary_large_image","twitter_misc":{"Tiempo de lectura":"2 minutos"},"schema":{"@context":"https:\/\/schema.org","@graph":[{"@type":"WebPage","@id":"https:\/\/btciberica.com\/es\/responsabilidad-social-corporativa\/","url":"https:\/\/btciberica.com\/es\/responsabilidad-social-corporativa\/","name":"Responsabilidad Social Corporativa - BTC Iberica","isPartOf":{"@id":"https:\/\/btciberica.com\/#website"},"datePublished":"2021-02-18T15:15:26+00:00","dateModified":"2021-07-26T11:22:33+00:00","breadcrumb":{"@id":"https:\/\/btciberica.com\/es\/responsabilidad-social-corporativa\/#breadcrumb"},"inLanguage":"es","potentialAction":[{"@type":"ReadAction","target":["https:\/\/btciberica.com\/es\/responsabilidad-social-corporativa\/"]}]},{"@type":"BreadcrumbList","@id":"https:\/\/btciberica.com\/es\/responsabilidad-social-corporativa\/#breadcrumb","itemListElement":[{"@type":"ListItem","position":1,"name":"Portada","item":"https:\/\/btciberica.com\/es\/"},{"@type":"ListItem","position":2,"name":"Responsabilidad Social Corporativa"}]},{"@type":"WebSite","@id":"https:\/\/btciberica.com\/#website","url":"https:\/\/btciberica.com\/","name":"BTC Iberica","description":"Ben Trade Cables Iberica S.A.","publisher":{"@id":"https:\/\/btciberica.com\/#organization"},"potentialAction":[{"@type":"SearchAction","target":{"@type":"EntryPoint","urlTemplate":"https:\/\/btciberica.com\/?s={search_term_string}"},"query-input":{"@type":"PropertyValueSpecification","valueRequired":true,"valueName":"search_term_string"}}],"inLanguage":"es"},{"@type":"Organization","@id":"https:\/\/btciberica.com\/#organization","name":"BTC Iberica","url":"https:\/\/btciberica.com\/","logo":{"@type":"ImageObject","inLanguage":"es","@id":"https:\/\/btciberica.com\/#\/schema\/logo\/image\/","url":"https:\/\/btciberica.com\/wp-content\/uploads\/2021\/02\/btc-iberica-logo.jpg","contentUrl":"https:\/\/btciberica.com\/wp-content\/uploads\/2021\/02\/btc-iberica-logo.jpg","width":250,"height":159,"caption":"BTC Iberica"},"image":{"@id":"https:\/\/btciberica.com\/#\/schema\/logo\/image\/"}}]}},"_links":{"self":[{"href":"https:\/\/btciberica.com\/es\/wp-json\/wp\/v2\/pages\/62","targetHints":{"allow":["GET"]}}],"collection":[{"href":"https:\/\/btciberica.com\/es\/wp-json\/wp\/v2\/pages"}],"about":[{"href":"https:\/\/btciberica.com\/es\/wp-json\/wp\/v2\/types\/page"}],"author":[{"embeddable":true,"href":"https:\/\/btciberica.com\/es\/wp-json\/wp\/v2\/users\/1"}],"replies":[{"embeddable":true,"href":"https:\/\/btciberica.com\/es\/wp-json\/wp\/v2\/comments?post=62"}],"version-history":[{"count":28,"href":"https:\/\/btciberica.com\/es\/wp-json\/wp\/v2\/pages\/62\/revisions"}],"predecessor-version":[{"id":3330,"href":"https:\/\/btciberica.com\/es\/wp-json\/wp\/v2\/pages\/62\/revisions\/3330"}],"wp:attachment":[{"href":"https:\/\/btciberica.com\/es\/wp-json\/wp\/v2\/media?parent=62"}],"curies":[{"name":"wp","href":"https:\/\/api.w.org\/{rel}","templated":true}]}}