{"id":1990,"date":"2021-06-24T06:40:40","date_gmt":"2021-06-24T06:40:40","guid":{"rendered":"https:\/\/btciberica.com\/?page_id=1990"},"modified":"2021-07-27T07:13:15","modified_gmt":"2021-07-27T07:13:15","slug":"laboratorio-y-ensayos","status":"publish","type":"page","link":"https:\/\/btciberica.com\/es\/laboratorio-y-ensayos\/","title":{"rendered":"Laboratorio y ensayos"},"content":{"rendered":"\t\t<div data-elementor-type=\"wp-page\" data-elementor-id=\"1990\" class=\"elementor elementor-1990\" data-elementor-post-type=\"page\">\n\t\t\t\t\t\t<section class=\"elementor-section elementor-top-section elementor-element elementor-element-b5ed5b2 elementor-section-boxed elementor-section-height-default elementor-section-height-default\" data-id=\"b5ed5b2\" data-element_type=\"section\" data-e-type=\"section\" data-settings=\"{&quot;background_background&quot;:&quot;gradient&quot;}\">\n\t\t\t\t\t\t<div class=\"elementor-container elementor-column-gap-default\">\n\t\t\t\t\t<div class=\"elementor-column elementor-col-100 elementor-top-column elementor-element elementor-element-604be64\" data-id=\"604be64\" data-element_type=\"column\" data-e-type=\"column\">\n\t\t\t<div class=\"elementor-widget-wrap elementor-element-populated\">\n\t\t\t\t\t\t<div class=\"elementor-element elementor-element-fbeffd0 elementor-widget elementor-widget-jet-breadcrumbs\" data-id=\"fbeffd0\" data-element_type=\"widget\" data-e-type=\"widget\" data-widget_type=\"jet-breadcrumbs.default\">\n\t\t\t\t<div class=\"elementor-widget-container\">\n\t\t\t\t\t<div class=\"elementor-jet-breadcrumbs jet-blocks\">\n\t\t<div class=\"jet-breadcrumbs\">\n\t\t<div class=\"jet-breadcrumbs__content\">\n\t\t<div class=\"jet-breadcrumbs__wrap\"><div class=\"jet-breadcrumbs__item\"><a href=\"https:\/\/btciberica.com\/es\/\" class=\"jet-breadcrumbs__item-link is-home\" rel=\"home\" title=\"Inicio\">Inicio<\/a><\/div>\n\t\t<\/div>\n\t\t<\/div>\n\t\t<\/div><\/div>\t\t\t\t<\/div>\n\t\t\t\t<\/div>\n\t\t\t\t<div class=\"elementor-element elementor-element-10c50b0 elementor-widget elementor-widget-heading\" data-id=\"10c50b0\" data-element_type=\"widget\" data-e-type=\"widget\" data-widget_type=\"heading.default\">\n\t\t\t\t<div class=\"elementor-widget-container\">\n\t\t\t\t\t<h1 class=\"elementor-heading-title elementor-size-default\">Laboratorio y ensayos<\/h1>\t\t\t\t<\/div>\n\t\t\t\t<\/div>\n\t\t\t\t\t<\/div>\n\t\t<\/div>\n\t\t\t\t\t<\/div>\n\t\t<\/section>\n\t\t\t\t<section class=\"elementor-section elementor-top-section elementor-element elementor-element-619d5f4 elementor-section-boxed elementor-section-height-default elementor-section-height-default\" data-id=\"619d5f4\" data-element_type=\"section\" data-e-type=\"section\">\n\t\t\t\t\t\t<div class=\"elementor-container elementor-column-gap-default\">\n\t\t\t\t\t<div class=\"elementor-column elementor-col-100 elementor-top-column elementor-element elementor-element-88bca67\" data-id=\"88bca67\" data-element_type=\"column\" data-e-type=\"column\">\n\t\t\t<div class=\"elementor-widget-wrap elementor-element-populated\">\n\t\t\t\t\t\t<div class=\"elementor-element elementor-element-f5096c3 elementor-widget elementor-widget-text-editor\" data-id=\"f5096c3\" data-element_type=\"widget\" data-e-type=\"widget\" data-widget_type=\"text-editor.default\">\n\t\t\t\t<div class=\"elementor-widget-container\">\n\t\t\t\t\t\t\t\t\t<p>Todas las l\u00edneas de producci\u00f3n de nuestra f\u00e1brica disponen de aparatos de control continuo, como Spark Tester, l\u00e1ser para medir di\u00e1metros y espesores, y detector de defectos en l\u00ednea. Adem\u00e1s, se llevan a cabo pautas de control, as\u00ed como pruebas el\u00e9ctricas y mediciones.<\/p><p>Adem\u00e1s, nuestra empresa tiene un laboratorio completamente equipado para llevar a cabo las pruebas correspondientes a la materia prima y al cable terminado, y donde se realizan todos los ensayos exigidos por las normativas aplicables y las exigencias propias de cada proyecto. Entre estas pruebas, hacemos pruebas de di\u00e1metro, espesor, resistencia, capacidad\/inducci\u00f3n de pares o pruebas de alta tensi\u00f3n, entre otras. Con los datos obtenidos se emite un certificado para cada bobina.<\/p>\t\t\t\t\t\t\t\t<\/div>\n\t\t\t\t<\/div>\n\t\t\t\t<div class=\"elementor-element elementor-element-47b0fc7 elementor-widget elementor-widget-text-editor\" data-id=\"47b0fc7\" data-element_type=\"widget\" data-e-type=\"widget\" data-widget_type=\"text-editor.default\">\n\t\t\t\t<div class=\"elementor-widget-container\">\n\t\t\t\t\t\t\t\t\t<p>Ensayos sobre cable fabricado (rutinarias al 100% de la fabricaci\u00f3n)<\/p>\t\t\t\t\t\t\t\t<\/div>\n\t\t\t\t<\/div>\n\t\t\t\t<div class=\"elementor-element elementor-element-6af9bfb elementor-icon-list--layout-traditional elementor-list-item-link-full_width elementor-widget elementor-widget-icon-list\" data-id=\"6af9bfb\" data-element_type=\"widget\" data-e-type=\"widget\" data-widget_type=\"icon-list.default\">\n\t\t\t\t<div class=\"elementor-widget-container\">\n\t\t\t\t\t\t\t<ul class=\"elementor-icon-list-items\">\n\t\t\t\t\t\t\t<li class=\"elementor-icon-list-item\">\n\t\t\t\t\t\t\t\t\t\t\t<span class=\"elementor-icon-list-icon\">\n\t\t\t\t\t\t\t<i aria-hidden=\"true\" class=\"fas fa-chevron-right\"><\/i>\t\t\t\t\t\t<\/span>\n\t\t\t\t\t\t\t\t\t\t<span class=\"elementor-icon-list-text\">Ensayos de alta tensi\u00f3n<\/span>\n\t\t\t\t\t\t\t\t\t<\/li>\n\t\t\t\t\t\t\t\t<li class=\"elementor-icon-list-item\">\n\t\t\t\t\t\t\t\t\t\t\t<a href=\"http:\/\/Pruebas%20el\u00e9ctricas\">\n\n\t\t\t\t\t\t\t\t\t\t\t\t<span class=\"elementor-icon-list-icon\">\n\t\t\t\t\t\t\t<i aria-hidden=\"true\" class=\"fas fa-chevron-right\"><\/i>\t\t\t\t\t\t<\/span>\n\t\t\t\t\t\t\t\t\t\t<span class=\"elementor-icon-list-text\">Ensayos el\u00e9ctricos<\/span>\n\t\t\t\t\t\t\t\t\t\t\t<\/a>\n\t\t\t\t\t\t\t\t\t<\/li>\n\t\t\t\t\t\t\t\t<li class=\"elementor-icon-list-item\">\n\t\t\t\t\t\t\t\t\t\t\t<span class=\"elementor-icon-list-icon\">\n\t\t\t\t\t\t\t<i aria-hidden=\"true\" class=\"fas fa-chevron-right\"><\/i>\t\t\t\t\t\t<\/span>\n\t\t\t\t\t\t\t\t\t\t<span class=\"elementor-icon-list-text\">Control dimensional<\/span>\n\t\t\t\t\t\t\t\t\t<\/li>\n\t\t\t\t\t\t<\/ul>\n\t\t\t\t\t\t<\/div>\n\t\t\t\t<\/div>\n\t\t\t\t<div class=\"elementor-element elementor-element-08c3024 elementor-widget elementor-widget-text-editor\" data-id=\"08c3024\" data-element_type=\"widget\" data-e-type=\"widget\" data-widget_type=\"text-editor.default\">\n\t\t\t\t<div class=\"elementor-widget-container\">\n\t\t\t\t\t\t\t\t\t<p>Ensayos sobre materia prima (sobre muestreo puntual)<\/p>\t\t\t\t\t\t\t\t<\/div>\n\t\t\t\t<\/div>\n\t\t\t\t<div class=\"elementor-element elementor-element-6888341 elementor-icon-list--layout-traditional elementor-list-item-link-full_width elementor-widget elementor-widget-icon-list\" data-id=\"6888341\" data-element_type=\"widget\" data-e-type=\"widget\" data-widget_type=\"icon-list.default\">\n\t\t\t\t<div class=\"elementor-widget-container\">\n\t\t\t\t\t\t\t<ul class=\"elementor-icon-list-items\">\n\t\t\t\t\t\t\t<li class=\"elementor-icon-list-item\">\n\t\t\t\t\t\t\t\t\t\t\t<span class=\"elementor-icon-list-icon\">\n\t\t\t\t\t\t\t<i aria-hidden=\"true\" class=\"fas fa-chevron-right\"><\/i>\t\t\t\t\t\t<\/span>\n\t\t\t\t\t\t\t\t\t\t<span class=\"elementor-icon-list-text\">Ensayos qu\u00edmicos<\/span>\n\t\t\t\t\t\t\t\t\t<\/li>\n\t\t\t\t\t\t\t\t<li class=\"elementor-icon-list-item\">\n\t\t\t\t\t\t\t\t\t\t\t<span class=\"elementor-icon-list-icon\">\n\t\t\t\t\t\t\t<i aria-hidden=\"true\" class=\"fas fa-chevron-right\"><\/i>\t\t\t\t\t\t<\/span>\n\t\t\t\t\t\t\t\t\t\t<span class=\"elementor-icon-list-text\">Ensayos mec\u00e1nicos<\/span>\n\t\t\t\t\t\t\t\t\t<\/li>\n\t\t\t\t\t\t<\/ul>\n\t\t\t\t\t\t<\/div>\n\t\t\t\t<\/div>\n\t\t\t\t<div class=\"elementor-element elementor-element-cbeff75 elementor-widget elementor-widget-text-editor\" data-id=\"cbeff75\" data-element_type=\"widget\" data-e-type=\"widget\" data-widget_type=\"text-editor.default\">\n\t\t\t\t<div class=\"elementor-widget-container\">\n\t\t\t\t\t\t\t\t\t<p>Ensayos de fuego (sobre muestreo puntual)<\/p>\t\t\t\t\t\t\t\t<\/div>\n\t\t\t\t<\/div>\n\t\t\t\t<div class=\"elementor-element elementor-element-a4f52f7 elementor-icon-list--layout-traditional elementor-list-item-link-full_width elementor-widget elementor-widget-icon-list\" data-id=\"a4f52f7\" data-element_type=\"widget\" data-e-type=\"widget\" data-widget_type=\"icon-list.default\">\n\t\t\t\t<div class=\"elementor-widget-container\">\n\t\t\t\t\t\t\t<ul class=\"elementor-icon-list-items\">\n\t\t\t\t\t\t\t<li class=\"elementor-icon-list-item\">\n\t\t\t\t\t\t\t\t\t\t\t<span class=\"elementor-icon-list-icon\">\n\t\t\t\t\t\t\t<i aria-hidden=\"true\" class=\"fas fa-chevron-right\"><\/i>\t\t\t\t\t\t<\/span>\n\t\t\t\t\t\t\t\t\t\t<span class=\"elementor-icon-list-text\">Ensayos de resistencia al fuego. IEC 60331-11-21.<\/span>\n\t\t\t\t\t\t\t\t\t<\/li>\n\t\t\t\t\t\t\t\t<li class=\"elementor-icon-list-item\">\n\t\t\t\t\t\t\t\t\t\t\t<span class=\"elementor-icon-list-icon\">\n\t\t\t\t\t\t\t<i aria-hidden=\"true\" class=\"fas fa-chevron-right\"><\/i>\t\t\t\t\t\t<\/span>\n\t\t\t\t\t\t\t\t\t\t<span class=\"elementor-icon-list-text\">Ensayos de retardancia al fuego. IEC 60332-3-22\/24.<\/span>\n\t\t\t\t\t\t\t\t\t<\/li>\n\t\t\t\t\t\t\t\t<li class=\"elementor-icon-list-item\">\n\t\t\t\t\t\t\t\t\t\t\t<span class=\"elementor-icon-list-icon\">\n\t\t\t\t\t\t\t<i aria-hidden=\"true\" class=\"fas fa-chevron-right\"><\/i>\t\t\t\t\t\t<\/span>\n\t\t\t\t\t\t\t\t\t\t<span class=\"elementor-icon-list-text\">Ensayos CPR<\/span>\n\t\t\t\t\t\t\t\t\t<\/li>\n\t\t\t\t\t\t<\/ul>\n\t\t\t\t\t\t<\/div>\n\t\t\t\t<\/div>\n\t\t\t\t<div class=\"elementor-element elementor-element-a8505d8 elementor-widget elementor-widget-gallery\" data-id=\"a8505d8\" data-element_type=\"widget\" data-e-type=\"widget\" data-settings=\"{&quot;columns&quot;:3,&quot;lazyload&quot;:&quot;yes&quot;,&quot;gallery_layout&quot;:&quot;grid&quot;,&quot;columns_tablet&quot;:2,&quot;columns_mobile&quot;:1,&quot;gap&quot;:{&quot;unit&quot;:&quot;px&quot;,&quot;size&quot;:10,&quot;sizes&quot;:[]},&quot;gap_tablet&quot;:{&quot;unit&quot;:&quot;px&quot;,&quot;size&quot;:10,&quot;sizes&quot;:[]},&quot;gap_mobile&quot;:{&quot;unit&quot;:&quot;px&quot;,&quot;size&quot;:10,&quot;sizes&quot;:[]},&quot;link_to&quot;:&quot;file&quot;,&quot;aspect_ratio&quot;:&quot;3:2&quot;,&quot;overlay_background&quot;:&quot;yes&quot;,&quot;content_hover_animation&quot;:&quot;fade-in&quot;}\" data-widget_type=\"gallery.default\">\n\t\t\t\t<div class=\"elementor-widget-container\">\n\t\t\t\t\t\t\t<div class=\"elementor-gallery__container\">\n\t\t\t\t\t\t\t<a class=\"e-gallery-item elementor-gallery-item elementor-animated-content\" href=\"https:\/\/btciberica.com\/wp-content\/uploads\/2021\/06\/cables-btc.jpg\" data-elementor-open-lightbox=\"yes\" data-elementor-lightbox-slideshow=\"a8505d8\" data-elementor-lightbox-title=\"BTC Ib\u00e9rica\" data-e-action-hash=\"#elementor-action%3Aaction%3Dlightbox%26settings%3DeyJpZCI6MTg3MywidXJsIjoiaHR0cHM6XC9cL2J0Y2liZXJpY2EuY29tXC93cC1jb250ZW50XC91cGxvYWRzXC8yMDIxXC8wNlwvY2FibGVzLWJ0Yy5qcGciLCJzbGlkZXNob3ciOiJhODUwNWQ4In0%3D\">\n\t\t\t\t\t<div class=\"e-gallery-image elementor-gallery-item__image\" data-thumbnail=\"https:\/\/btciberica.com\/wp-content\/uploads\/2021\/06\/cables-btc.jpg\" data-width=\"651\" data-height=\"400\" aria-label=\"\" role=\"img\" ><\/div>\n\t\t\t\t\t\t\t\t\t\t\t<div class=\"elementor-gallery-item__overlay\"><\/div>\n\t\t\t\t\t\t\t\t\t\t\t\t\t\t<\/a>\n\t\t\t\t\t\t\t<a class=\"e-gallery-item elementor-gallery-item elementor-animated-content\" href=\"https:\/\/btciberica.com\/wp-content\/uploads\/2021\/06\/instalacion.jpg\" data-elementor-open-lightbox=\"yes\" data-elementor-lightbox-slideshow=\"a8505d8\" data-elementor-lightbox-title=\"BTC Ib\u00e9rica\" data-e-action-hash=\"#elementor-action%3Aaction%3Dlightbox%26settings%3DeyJpZCI6MTk0OCwidXJsIjoiaHR0cHM6XC9cL2J0Y2liZXJpY2EuY29tXC93cC1jb250ZW50XC91cGxvYWRzXC8yMDIxXC8wNlwvaW5zdGFsYWNpb24uanBnIiwic2xpZGVzaG93IjoiYTg1MDVkOCJ9\">\n\t\t\t\t\t<div class=\"e-gallery-image elementor-gallery-item__image\" data-thumbnail=\"https:\/\/btciberica.com\/wp-content\/uploads\/2021\/06\/instalacion.jpg\" data-width=\"630\" data-height=\"378\" aria-label=\"\" role=\"img\" ><\/div>\n\t\t\t\t\t\t\t\t\t\t\t<div class=\"elementor-gallery-item__overlay\"><\/div>\n\t\t\t\t\t\t\t\t\t\t\t\t\t\t<\/a>\n\t\t\t\t\t\t\t<a class=\"e-gallery-item elementor-gallery-item elementor-animated-content\" href=\"https:\/\/btciberica.com\/wp-content\/uploads\/2021\/06\/IMAG1047-scaled.jpg\" data-elementor-open-lightbox=\"yes\" data-elementor-lightbox-slideshow=\"a8505d8\" data-elementor-lightbox-title=\"BTC Ib\u00e9rica\" data-e-action-hash=\"#elementor-action%3Aaction%3Dlightbox%26settings%3DeyJpZCI6MTk1MiwidXJsIjoiaHR0cHM6XC9cL2J0Y2liZXJpY2EuY29tXC93cC1jb250ZW50XC91cGxvYWRzXC8yMDIxXC8wNlwvSU1BRzEwNDctc2NhbGVkLmpwZyIsInNsaWRlc2hvdyI6ImE4NTA1ZDgifQ%3D%3D\">\n\t\t\t\t\t<div class=\"e-gallery-image elementor-gallery-item__image\" data-thumbnail=\"https:\/\/btciberica.com\/wp-content\/uploads\/2021\/06\/IMAG1047-768x460.jpg\" data-width=\"768\" data-height=\"460\" aria-label=\"\" role=\"img\" ><\/div>\n\t\t\t\t\t\t\t\t\t\t\t<div class=\"elementor-gallery-item__overlay\"><\/div>\n\t\t\t\t\t\t\t\t\t\t\t\t\t\t<\/a>\n\t\t\t\t\t<\/div>\n\t\t\t\t\t<\/div>\n\t\t\t\t<\/div>\n\t\t\t\t\t<\/div>\n\t\t<\/div>\n\t\t\t\t\t<\/div>\n\t\t<\/section>\n\t\t\t\t<\/div>\n\t\t","protected":false},"excerpt":{"rendered":"<p>Inicio Laboratorio y ensayos Todas las l\u00edneas de producci\u00f3n de nuestra f\u00e1brica disponen de aparatos de control continuo, como Spark Tester, l\u00e1ser para medir di\u00e1metros y espesores, y detector de defectos en l\u00ednea. Adem\u00e1s, se llevan a cabo pautas de control, as\u00ed como pruebas el\u00e9ctricas y mediciones. Adem\u00e1s, nuestra empresa tiene un laboratorio completamente equipado [&hellip;]<\/p>\n","protected":false},"author":1,"featured_media":0,"parent":0,"menu_order":0,"comment_status":"closed","ping_status":"closed","template":"","meta":{"footnotes":""},"class_list":["post-1990","page","type-page","status-publish","hentry"],"yoast_head":"<!-- This site is optimized with the Yoast SEO plugin v27.2 - https:\/\/yoast.com\/product\/yoast-seo-wordpress\/ -->\n<title>Laboratorio y ensayos - BTC Iberica<\/title>\n<meta name=\"robots\" content=\"index, follow, max-snippet:-1, max-image-preview:large, max-video-preview:-1\" \/>\n<link rel=\"canonical\" href=\"https:\/\/btciberica.com\/es\/laboratorio-y-ensayos\/\" \/>\n<meta property=\"og:locale\" content=\"es_ES\" \/>\n<meta property=\"og:type\" content=\"article\" \/>\n<meta property=\"og:title\" content=\"Laboratorio y ensayos - BTC Iberica\" \/>\n<meta property=\"og:description\" content=\"Inicio Laboratorio y ensayos Todas las l\u00edneas de producci\u00f3n de nuestra f\u00e1brica disponen de aparatos de control continuo, como Spark Tester, l\u00e1ser para medir di\u00e1metros y espesores, y detector de defectos en l\u00ednea. Adem\u00e1s, se llevan a cabo pautas de control, as\u00ed como pruebas el\u00e9ctricas y mediciones. Adem\u00e1s, nuestra empresa tiene un laboratorio completamente equipado [&hellip;]\" \/>\n<meta property=\"og:url\" content=\"https:\/\/btciberica.com\/es\/laboratorio-y-ensayos\/\" \/>\n<meta property=\"og:site_name\" content=\"BTC Iberica\" \/>\n<meta property=\"article:modified_time\" content=\"2021-07-27T07:13:15+00:00\" \/>\n<meta name=\"twitter:card\" content=\"summary_large_image\" \/>\n<meta name=\"twitter:label1\" content=\"Tiempo de lectura\" \/>\n\t<meta name=\"twitter:data1\" content=\"1 minuto\" \/>\n<script type=\"application\/ld+json\" class=\"yoast-schema-graph\">{\"@context\":\"https:\/\/schema.org\",\"@graph\":[{\"@type\":\"WebPage\",\"@id\":\"https:\/\/btciberica.com\/es\/laboratorio-y-ensayos\/\",\"url\":\"https:\/\/btciberica.com\/es\/laboratorio-y-ensayos\/\",\"name\":\"Laboratorio y ensayos - BTC Iberica\",\"isPartOf\":{\"@id\":\"https:\/\/btciberica.com\/#website\"},\"datePublished\":\"2021-06-24T06:40:40+00:00\",\"dateModified\":\"2021-07-27T07:13:15+00:00\",\"breadcrumb\":{\"@id\":\"https:\/\/btciberica.com\/es\/laboratorio-y-ensayos\/#breadcrumb\"},\"inLanguage\":\"es\",\"potentialAction\":[{\"@type\":\"ReadAction\",\"target\":[\"https:\/\/btciberica.com\/es\/laboratorio-y-ensayos\/\"]}]},{\"@type\":\"BreadcrumbList\",\"@id\":\"https:\/\/btciberica.com\/es\/laboratorio-y-ensayos\/#breadcrumb\",\"itemListElement\":[{\"@type\":\"ListItem\",\"position\":1,\"name\":\"Portada\",\"item\":\"https:\/\/btciberica.com\/es\/\"},{\"@type\":\"ListItem\",\"position\":2,\"name\":\"Laboratorio y ensayos\"}]},{\"@type\":\"WebSite\",\"@id\":\"https:\/\/btciberica.com\/#website\",\"url\":\"https:\/\/btciberica.com\/\",\"name\":\"BTC Iberica\",\"description\":\"Ben Trade Cables Iberica S.A.\",\"publisher\":{\"@id\":\"https:\/\/btciberica.com\/#organization\"},\"potentialAction\":[{\"@type\":\"SearchAction\",\"target\":{\"@type\":\"EntryPoint\",\"urlTemplate\":\"https:\/\/btciberica.com\/?s={search_term_string}\"},\"query-input\":{\"@type\":\"PropertyValueSpecification\",\"valueRequired\":true,\"valueName\":\"search_term_string\"}}],\"inLanguage\":\"es\"},{\"@type\":\"Organization\",\"@id\":\"https:\/\/btciberica.com\/#organization\",\"name\":\"BTC Iberica\",\"url\":\"https:\/\/btciberica.com\/\",\"logo\":{\"@type\":\"ImageObject\",\"inLanguage\":\"es\",\"@id\":\"https:\/\/btciberica.com\/#\/schema\/logo\/image\/\",\"url\":\"https:\/\/btciberica.com\/wp-content\/uploads\/2021\/02\/btc-iberica-logo.jpg\",\"contentUrl\":\"https:\/\/btciberica.com\/wp-content\/uploads\/2021\/02\/btc-iberica-logo.jpg\",\"width\":250,\"height\":159,\"caption\":\"BTC Iberica\"},\"image\":{\"@id\":\"https:\/\/btciberica.com\/#\/schema\/logo\/image\/\"}}]}<\/script>\n<!-- \/ Yoast SEO plugin. -->","yoast_head_json":{"title":"Laboratorio y ensayos - BTC Iberica","robots":{"index":"index","follow":"follow","max-snippet":"max-snippet:-1","max-image-preview":"max-image-preview:large","max-video-preview":"max-video-preview:-1"},"canonical":"https:\/\/btciberica.com\/es\/laboratorio-y-ensayos\/","og_locale":"es_ES","og_type":"article","og_title":"Laboratorio y ensayos - BTC Iberica","og_description":"Inicio Laboratorio y ensayos Todas las l\u00edneas de producci\u00f3n de nuestra f\u00e1brica disponen de aparatos de control continuo, como Spark Tester, l\u00e1ser para medir di\u00e1metros y espesores, y detector de defectos en l\u00ednea. Adem\u00e1s, se llevan a cabo pautas de control, as\u00ed como pruebas el\u00e9ctricas y mediciones. Adem\u00e1s, nuestra empresa tiene un laboratorio completamente equipado [&hellip;]","og_url":"https:\/\/btciberica.com\/es\/laboratorio-y-ensayos\/","og_site_name":"BTC Iberica","article_modified_time":"2021-07-27T07:13:15+00:00","twitter_card":"summary_large_image","twitter_misc":{"Tiempo de lectura":"1 minuto"},"schema":{"@context":"https:\/\/schema.org","@graph":[{"@type":"WebPage","@id":"https:\/\/btciberica.com\/es\/laboratorio-y-ensayos\/","url":"https:\/\/btciberica.com\/es\/laboratorio-y-ensayos\/","name":"Laboratorio y ensayos - BTC Iberica","isPartOf":{"@id":"https:\/\/btciberica.com\/#website"},"datePublished":"2021-06-24T06:40:40+00:00","dateModified":"2021-07-27T07:13:15+00:00","breadcrumb":{"@id":"https:\/\/btciberica.com\/es\/laboratorio-y-ensayos\/#breadcrumb"},"inLanguage":"es","potentialAction":[{"@type":"ReadAction","target":["https:\/\/btciberica.com\/es\/laboratorio-y-ensayos\/"]}]},{"@type":"BreadcrumbList","@id":"https:\/\/btciberica.com\/es\/laboratorio-y-ensayos\/#breadcrumb","itemListElement":[{"@type":"ListItem","position":1,"name":"Portada","item":"https:\/\/btciberica.com\/es\/"},{"@type":"ListItem","position":2,"name":"Laboratorio y ensayos"}]},{"@type":"WebSite","@id":"https:\/\/btciberica.com\/#website","url":"https:\/\/btciberica.com\/","name":"BTC Iberica","description":"Ben Trade Cables Iberica S.A.","publisher":{"@id":"https:\/\/btciberica.com\/#organization"},"potentialAction":[{"@type":"SearchAction","target":{"@type":"EntryPoint","urlTemplate":"https:\/\/btciberica.com\/?s={search_term_string}"},"query-input":{"@type":"PropertyValueSpecification","valueRequired":true,"valueName":"search_term_string"}}],"inLanguage":"es"},{"@type":"Organization","@id":"https:\/\/btciberica.com\/#organization","name":"BTC Iberica","url":"https:\/\/btciberica.com\/","logo":{"@type":"ImageObject","inLanguage":"es","@id":"https:\/\/btciberica.com\/#\/schema\/logo\/image\/","url":"https:\/\/btciberica.com\/wp-content\/uploads\/2021\/02\/btc-iberica-logo.jpg","contentUrl":"https:\/\/btciberica.com\/wp-content\/uploads\/2021\/02\/btc-iberica-logo.jpg","width":250,"height":159,"caption":"BTC Iberica"},"image":{"@id":"https:\/\/btciberica.com\/#\/schema\/logo\/image\/"}}]}},"_links":{"self":[{"href":"https:\/\/btciberica.com\/es\/wp-json\/wp\/v2\/pages\/1990","targetHints":{"allow":["GET"]}}],"collection":[{"href":"https:\/\/btciberica.com\/es\/wp-json\/wp\/v2\/pages"}],"about":[{"href":"https:\/\/btciberica.com\/es\/wp-json\/wp\/v2\/types\/page"}],"author":[{"embeddable":true,"href":"https:\/\/btciberica.com\/es\/wp-json\/wp\/v2\/users\/1"}],"replies":[{"embeddable":true,"href":"https:\/\/btciberica.com\/es\/wp-json\/wp\/v2\/comments?post=1990"}],"version-history":[{"count":33,"href":"https:\/\/btciberica.com\/es\/wp-json\/wp\/v2\/pages\/1990\/revisions"}],"predecessor-version":[{"id":3350,"href":"https:\/\/btciberica.com\/es\/wp-json\/wp\/v2\/pages\/1990\/revisions\/3350"}],"wp:attachment":[{"href":"https:\/\/btciberica.com\/es\/wp-json\/wp\/v2\/media?parent=1990"}],"curies":[{"name":"wp","href":"https:\/\/api.w.org\/{rel}","templated":true}]}}