{"id":1967,"date":"2021-06-24T06:29:19","date_gmt":"2021-06-24T06:29:19","guid":{"rendered":"https:\/\/btciberica.com\/?page_id=1967"},"modified":"2021-07-27T07:40:56","modified_gmt":"2021-07-27T07:40:56","slug":"clientes","status":"publish","type":"page","link":"https:\/\/btciberica.com\/es\/clientes\/","title":{"rendered":"Clientes"},"content":{"rendered":"\t\t<div data-elementor-type=\"wp-page\" data-elementor-id=\"1967\" class=\"elementor elementor-1967\" data-elementor-post-type=\"page\">\n\t\t\t\t\t\t<section class=\"elementor-section elementor-top-section elementor-element elementor-element-6b5a201 elementor-section-boxed elementor-section-height-default elementor-section-height-default\" data-id=\"6b5a201\" data-element_type=\"section\" data-e-type=\"section\" data-settings=\"{&quot;background_background&quot;:&quot;gradient&quot;}\">\n\t\t\t\t\t\t<div class=\"elementor-container elementor-column-gap-default\">\n\t\t\t\t\t<div class=\"elementor-column elementor-col-100 elementor-top-column elementor-element elementor-element-bf9e8d2\" data-id=\"bf9e8d2\" data-element_type=\"column\" data-e-type=\"column\">\n\t\t\t<div class=\"elementor-widget-wrap elementor-element-populated\">\n\t\t\t\t\t\t<div class=\"elementor-element elementor-element-9c48de2 elementor-widget elementor-widget-jet-breadcrumbs\" data-id=\"9c48de2\" data-element_type=\"widget\" data-e-type=\"widget\" data-widget_type=\"jet-breadcrumbs.default\">\n\t\t\t\t<div class=\"elementor-widget-container\">\n\t\t\t\t\t<div class=\"elementor-jet-breadcrumbs jet-blocks\">\n\t\t<div class=\"jet-breadcrumbs\">\n\t\t<div class=\"jet-breadcrumbs__content\">\n\t\t<div class=\"jet-breadcrumbs__wrap\"><div class=\"jet-breadcrumbs__item\"><a href=\"https:\/\/btciberica.com\/es\/\" class=\"jet-breadcrumbs__item-link is-home\" rel=\"home\" title=\"Inicio\">Inicio<\/a><\/div>\n\t\t<\/div>\n\t\t<\/div>\n\t\t<\/div><\/div>\t\t\t\t<\/div>\n\t\t\t\t<\/div>\n\t\t\t\t<div class=\"elementor-element elementor-element-6e76c90 elementor-widget elementor-widget-heading\" data-id=\"6e76c90\" data-element_type=\"widget\" data-e-type=\"widget\" data-widget_type=\"heading.default\">\n\t\t\t\t<div class=\"elementor-widget-container\">\n\t\t\t\t\t<h1 class=\"elementor-heading-title elementor-size-default\">Clientes<\/h1>\t\t\t\t<\/div>\n\t\t\t\t<\/div>\n\t\t\t\t\t<\/div>\n\t\t<\/div>\n\t\t\t\t\t<\/div>\n\t\t<\/section>\n\t\t\t\t<section class=\"elementor-section elementor-top-section elementor-element elementor-element-4790222 elementor-section-boxed elementor-section-height-default elementor-section-height-default\" data-id=\"4790222\" data-element_type=\"section\" data-e-type=\"section\">\n\t\t\t\t\t\t<div class=\"elementor-container elementor-column-gap-default\">\n\t\t\t\t\t<div class=\"elementor-column elementor-col-100 elementor-top-column elementor-element elementor-element-043ba6f\" data-id=\"043ba6f\" data-element_type=\"column\" data-e-type=\"column\">\n\t\t\t<div class=\"elementor-widget-wrap elementor-element-populated\">\n\t\t\t\t\t\t<div class=\"elementor-element elementor-element-38daefa elementor-widget elementor-widget-text-editor\" data-id=\"38daefa\" data-element_type=\"widget\" data-e-type=\"widget\" data-widget_type=\"text-editor.default\">\n\t\t\t\t<div class=\"elementor-widget-container\">\n\t\t\t\t\t\t\t\t\tEl cable que fabricamos en BTC Ib\u00e9rica se distribuye en el mercado a trav\u00e9s de los m\u00e1s importantes distribuidores y almacenes de material el\u00e9ctrico de Europa, principalmente en Reino Unido, Francia, Espa\u00f1a y Alemania.\n\nNuestro cable est\u00e1 aprobado por las ingenier\u00edas para sus instalaciones petroqu\u00edmicas, plantas petrol\u00edferas,\u00a0refiner\u00edas, centrales t\u00e9rmicas y nucleares, oleoductos, gasoductos, etc.\n\nPara m\u00e1s informaci\u00f3n, presentamos una lista de las principales ingenier\u00edas que han certificado a BTC en sus proyectos.\n<table width=\"0\">\n<tbody>\n<tr>\n<td ><strong>Ingenier\u00edas<\/strong><\/td>\n<td colspan=\"2\"><strong>Compa\u00f1\u00edas petrol\u00edferas<\/strong><\/td>\n<\/tr>\n<tr>\n<td colspan=\"2\" width=\"292\">Consolidated Contractors Company CCC<\/td>\n<td width=\"602\">Total (Francia)<\/td>\n<\/tr>\n<tr>\n<td colspan=\"2\" width=\"292\">Petrofac (Reino Unido)<\/td>\n<td width=\"602\">Repsol (Espa\u00f1a)<\/td>\n<\/tr>\n<tr>\n<td colspan=\"2\" width=\"292\">T\u00e9cnicas Reunidas (Espa\u00f1a)<\/td>\n<td width=\"602\">Eastern Petroleum Corporation (Filipinas)<\/td>\n<\/tr>\n<tr>\n<td colspan=\"2\" width=\"292\">Samsung (Corea)<\/td>\n<td width=\"602\">Chevron (EE.UU.)<\/td>\n<\/tr>\n<tr>\n<td colspan=\"2\" width=\"292\">Fluor Daniel (EE.UU.)<\/td>\n<td width=\"602\">Sonatrach (Argelia)<\/td>\n<\/tr>\n<tr>\n<td colspan=\"2\" width=\"292\">AMEC (EE.UU.)<\/td>\n<td width=\"602\">BP (Reino Unido)<\/td>\n<\/tr>\n<tr>\n<td colspan=\"2\" width=\"292\">Bechtel (EE.UU.)<\/td>\n<td width=\"602\">Shell (Pa\u00edses Bajos)<\/td>\n<\/tr>\n<tr>\n<td colspan=\"2\" width=\"292\">WorleyParsons (EE.UU.)<\/td>\n<td width=\"602\">ConocoPhilips (EE.UU.)<\/td>\n<\/tr>\n<tr>\n<td colspan=\"2\" width=\"292\">CB&amp;I (EE.UU.)<\/td>\n<td width=\"602\">ExxonMobil (EE.UU.)<\/td>\n<\/tr>\n<tr>\n<td colspan=\"2\" width=\"292\">Woodside (EE.UU.)<\/td>\n<td width=\"602\">Petrom (Ruman\u00eda)<\/td>\n<\/tr>\n<tr>\n<td colspan=\"2\" width=\"292\">Kentz (EE.UU.)<\/td>\n<td width=\"602\">Petrogal (Portugal)<\/td>\n<\/tr>\n<tr>\n<td colspan=\"2\" width=\"292\">Roots Energy (Catar)<\/td>\n<td width=\"602\">Statoil (Irlanda)<\/td>\n<\/tr>\n<tr>\n<td colspan=\"2\" width=\"292\">Cegelec (Francia)<\/td>\n<td width=\"602\">Qatar Petroleum (Catar)<\/td>\n<\/tr>\n<tr>\n<td colspan=\"2\" width=\"292\">Technip (Francia)<\/td>\n<td width=\"602\">Occidental Petroleum (EE.UU.)<\/td>\n<\/tr>\n<tr>\n<td colspan=\"2\" width=\"292\">GE Industrial Solutions (EE.UU.)<\/td>\n<td width=\"602\">Saudi ARAMCO (Arabia Saudita)<\/td>\n<\/tr>\n<tr>\n<td colspan=\"2\" width=\"292\">AREVA (Francia)<\/td>\n<td width=\"602\"><\/td>\n<\/tr>\n<tr>\n<td colspan=\"2\" width=\"292\">Foster Wheeler (EE.UU.)<\/td>\n<td width=\"602\"><\/td>\n<\/tr>\n<tr>\n<td colspan=\"2\" width=\"292\">Reliance Industries (India)<\/td>\n<td width=\"602\"><\/td>\n<\/tr>\n<tr>\n<td colspan=\"2\" width=\"292\">AGIP KCO (Kazajist\u00e1n)<\/td>\n<td width=\"602\"><\/td>\n<\/tr>\n<tr>\n<td colspan=\"2\" width=\"292\">Doha Petroleum Construction (Catar)<\/td>\n<td width=\"602\"><\/td>\n<\/tr>\n<tr>\n<td colspan=\"2\" width=\"292\">BHP (Australia)<\/td>\n<td width=\"602\"><\/td>\n<\/tr>\n<tr>\n<td colspan=\"2\" width=\"292\">Kaeverner (Noruega)<\/td>\n<td width=\"602\"><\/td>\n<\/tr>\n<tr>\n<td colspan=\"2\" width=\"292\">ABB (Suiza)<\/td>\n<td width=\"602\"><\/td>\n<\/tr>\n<tr>\n<td colspan=\"2\" width=\"292\">PFD UK (empresa conjunta)<\/td>\n<td width=\"602\"><\/td>\n<\/tr>\n<tr>\n<td colspan=\"2\" width=\"292\">TCO-TengizChevrOil (empresa conjunta)<\/td>\n<td width=\"602\"><\/td>\n<\/tr>\n<tr>\n<td colspan=\"2\" width=\"292\">Costains Construction (Reino Unido)<\/td>\n<td width=\"602\"><\/td>\n<\/tr>\n<tr>\n<td colspan=\"2\" width=\"292\">Aker Solutions (Noruega)<\/td>\n<td width=\"602\"><\/td>\n<\/tr>\n<tr>\n<td colspan=\"2\" width=\"292\">Daewoo E&amp;C (Corea)<\/td>\n<td width=\"602\"><\/td>\n<\/tr>\n<tr>\n<td colspan=\"2\" width=\"292\">KBR (EE.UU.)<\/td>\n<td width=\"602\"><\/td>\n<\/tr>\n<tr>\n<td colspan=\"2\" width=\"292\">Euramco (Reino Unido)<\/td>\n<td width=\"602\"><\/td>\n<\/tr>\n<tr>\n<td colspan=\"2\" width=\"292\">Silvertech<\/td>\n<td width=\"602\"><\/td>\n<\/tr>\n<tr>\n<td colspan=\"2\" width=\"292\">Heurtey Petrochem (Francia)<\/td>\n<td width=\"602\"><\/td>\n<\/tr>\n<tr>\n<td colspan=\"2\" width=\"292\">Marafiq (Arabia Saudita)<\/td>\n<td><\/td>\n<\/tr>\n<\/tbody>\n<\/table>\n<strong>\u00a0<\/strong>\t\t\t\t\t\t\t\t<\/div>\n\t\t\t\t<\/div>\n\t\t\t\t\t<\/div>\n\t\t<\/div>\n\t\t\t\t\t<\/div>\n\t\t<\/section>\n\t\t\t\t<\/div>\n\t\t","protected":false},"excerpt":{"rendered":"<p>Inicio Clientes El cable que fabricamos en BTC Ib\u00e9rica se distribuye en el mercado a trav\u00e9s de los m\u00e1s importantes distribuidores y almacenes de material el\u00e9ctrico de Europa, principalmente en Reino Unido, Francia, Espa\u00f1a y Alemania. Nuestro cable est\u00e1 aprobado por las ingenier\u00edas para sus instalaciones petroqu\u00edmicas, plantas petrol\u00edferas,\u00a0refiner\u00edas, centrales t\u00e9rmicas y nucleares, oleoductos, gasoductos, [&hellip;]<\/p>\n","protected":false},"author":1,"featured_media":0,"parent":0,"menu_order":0,"comment_status":"closed","ping_status":"closed","template":"","meta":{"footnotes":""},"class_list":["post-1967","page","type-page","status-publish","hentry"],"yoast_head":"<!-- This site is optimized with the Yoast SEO plugin v27.4 - https:\/\/yoast.com\/product\/yoast-seo-wordpress\/ -->\n<title>Clientes - BTC Iberica<\/title>\n<meta name=\"robots\" content=\"index, follow, max-snippet:-1, max-image-preview:large, max-video-preview:-1\" \/>\n<link rel=\"canonical\" href=\"https:\/\/btciberica.com\/es\/clientes\/\" \/>\n<meta property=\"og:locale\" content=\"es_ES\" \/>\n<meta property=\"og:type\" content=\"article\" \/>\n<meta property=\"og:title\" content=\"Clientes - BTC Iberica\" \/>\n<meta property=\"og:description\" content=\"Inicio Clientes El cable que fabricamos en BTC Ib\u00e9rica se distribuye en el mercado a trav\u00e9s de los m\u00e1s importantes distribuidores y almacenes de material el\u00e9ctrico de Europa, principalmente en Reino Unido, Francia, Espa\u00f1a y Alemania. Nuestro cable est\u00e1 aprobado por las ingenier\u00edas para sus instalaciones petroqu\u00edmicas, plantas petrol\u00edferas,\u00a0refiner\u00edas, centrales t\u00e9rmicas y nucleares, oleoductos, gasoductos, [&hellip;]\" \/>\n<meta property=\"og:url\" content=\"https:\/\/btciberica.com\/es\/clientes\/\" \/>\n<meta property=\"og:site_name\" content=\"BTC Iberica\" \/>\n<meta property=\"article:modified_time\" content=\"2021-07-27T07:40:56+00:00\" \/>\n<meta name=\"twitter:card\" content=\"summary_large_image\" \/>\n<meta name=\"twitter:label1\" content=\"Tiempo de lectura\" \/>\n\t<meta name=\"twitter:data1\" content=\"1 minuto\" \/>\n<script type=\"application\/ld+json\" class=\"yoast-schema-graph\">{\"@context\":\"https:\\\/\\\/schema.org\",\"@graph\":[{\"@type\":\"WebPage\",\"@id\":\"https:\\\/\\\/btciberica.com\\\/es\\\/clientes\\\/\",\"url\":\"https:\\\/\\\/btciberica.com\\\/es\\\/clientes\\\/\",\"name\":\"Clientes - BTC Iberica\",\"isPartOf\":{\"@id\":\"https:\\\/\\\/btciberica.com\\\/#website\"},\"datePublished\":\"2021-06-24T06:29:19+00:00\",\"dateModified\":\"2021-07-27T07:40:56+00:00\",\"breadcrumb\":{\"@id\":\"https:\\\/\\\/btciberica.com\\\/es\\\/clientes\\\/#breadcrumb\"},\"inLanguage\":\"es\",\"potentialAction\":[{\"@type\":\"ReadAction\",\"target\":[\"https:\\\/\\\/btciberica.com\\\/es\\\/clientes\\\/\"]}]},{\"@type\":\"BreadcrumbList\",\"@id\":\"https:\\\/\\\/btciberica.com\\\/es\\\/clientes\\\/#breadcrumb\",\"itemListElement\":[{\"@type\":\"ListItem\",\"position\":1,\"name\":\"Portada\",\"item\":\"https:\\\/\\\/btciberica.com\\\/es\\\/\"},{\"@type\":\"ListItem\",\"position\":2,\"name\":\"Clientes\"}]},{\"@type\":\"WebSite\",\"@id\":\"https:\\\/\\\/btciberica.com\\\/#website\",\"url\":\"https:\\\/\\\/btciberica.com\\\/\",\"name\":\"BTC Iberica\",\"description\":\"Ben Trade Cables Iberica S.A.\",\"publisher\":{\"@id\":\"https:\\\/\\\/btciberica.com\\\/#organization\"},\"potentialAction\":[{\"@type\":\"SearchAction\",\"target\":{\"@type\":\"EntryPoint\",\"urlTemplate\":\"https:\\\/\\\/btciberica.com\\\/?s={search_term_string}\"},\"query-input\":{\"@type\":\"PropertyValueSpecification\",\"valueRequired\":true,\"valueName\":\"search_term_string\"}}],\"inLanguage\":\"es\"},{\"@type\":\"Organization\",\"@id\":\"https:\\\/\\\/btciberica.com\\\/#organization\",\"name\":\"BTC Iberica\",\"url\":\"https:\\\/\\\/btciberica.com\\\/\",\"logo\":{\"@type\":\"ImageObject\",\"inLanguage\":\"es\",\"@id\":\"https:\\\/\\\/btciberica.com\\\/#\\\/schema\\\/logo\\\/image\\\/\",\"url\":\"https:\\\/\\\/btciberica.com\\\/wp-content\\\/uploads\\\/2021\\\/02\\\/btc-iberica-logo.jpg\",\"contentUrl\":\"https:\\\/\\\/btciberica.com\\\/wp-content\\\/uploads\\\/2021\\\/02\\\/btc-iberica-logo.jpg\",\"width\":250,\"height\":159,\"caption\":\"BTC Iberica\"},\"image\":{\"@id\":\"https:\\\/\\\/btciberica.com\\\/#\\\/schema\\\/logo\\\/image\\\/\"}}]}<\/script>\n<!-- \/ Yoast SEO plugin. -->","yoast_head_json":{"title":"Clientes - BTC Iberica","robots":{"index":"index","follow":"follow","max-snippet":"max-snippet:-1","max-image-preview":"max-image-preview:large","max-video-preview":"max-video-preview:-1"},"canonical":"https:\/\/btciberica.com\/es\/clientes\/","og_locale":"es_ES","og_type":"article","og_title":"Clientes - BTC Iberica","og_description":"Inicio Clientes El cable que fabricamos en BTC Ib\u00e9rica se distribuye en el mercado a trav\u00e9s de los m\u00e1s importantes distribuidores y almacenes de material el\u00e9ctrico de Europa, principalmente en Reino Unido, Francia, Espa\u00f1a y Alemania. Nuestro cable est\u00e1 aprobado por las ingenier\u00edas para sus instalaciones petroqu\u00edmicas, plantas petrol\u00edferas,\u00a0refiner\u00edas, centrales t\u00e9rmicas y nucleares, oleoductos, gasoductos, [&hellip;]","og_url":"https:\/\/btciberica.com\/es\/clientes\/","og_site_name":"BTC Iberica","article_modified_time":"2021-07-27T07:40:56+00:00","twitter_card":"summary_large_image","twitter_misc":{"Tiempo de lectura":"1 minuto"},"schema":{"@context":"https:\/\/schema.org","@graph":[{"@type":"WebPage","@id":"https:\/\/btciberica.com\/es\/clientes\/","url":"https:\/\/btciberica.com\/es\/clientes\/","name":"Clientes - BTC Iberica","isPartOf":{"@id":"https:\/\/btciberica.com\/#website"},"datePublished":"2021-06-24T06:29:19+00:00","dateModified":"2021-07-27T07:40:56+00:00","breadcrumb":{"@id":"https:\/\/btciberica.com\/es\/clientes\/#breadcrumb"},"inLanguage":"es","potentialAction":[{"@type":"ReadAction","target":["https:\/\/btciberica.com\/es\/clientes\/"]}]},{"@type":"BreadcrumbList","@id":"https:\/\/btciberica.com\/es\/clientes\/#breadcrumb","itemListElement":[{"@type":"ListItem","position":1,"name":"Portada","item":"https:\/\/btciberica.com\/es\/"},{"@type":"ListItem","position":2,"name":"Clientes"}]},{"@type":"WebSite","@id":"https:\/\/btciberica.com\/#website","url":"https:\/\/btciberica.com\/","name":"BTC Iberica","description":"Ben Trade Cables Iberica S.A.","publisher":{"@id":"https:\/\/btciberica.com\/#organization"},"potentialAction":[{"@type":"SearchAction","target":{"@type":"EntryPoint","urlTemplate":"https:\/\/btciberica.com\/?s={search_term_string}"},"query-input":{"@type":"PropertyValueSpecification","valueRequired":true,"valueName":"search_term_string"}}],"inLanguage":"es"},{"@type":"Organization","@id":"https:\/\/btciberica.com\/#organization","name":"BTC Iberica","url":"https:\/\/btciberica.com\/","logo":{"@type":"ImageObject","inLanguage":"es","@id":"https:\/\/btciberica.com\/#\/schema\/logo\/image\/","url":"https:\/\/btciberica.com\/wp-content\/uploads\/2021\/02\/btc-iberica-logo.jpg","contentUrl":"https:\/\/btciberica.com\/wp-content\/uploads\/2021\/02\/btc-iberica-logo.jpg","width":250,"height":159,"caption":"BTC Iberica"},"image":{"@id":"https:\/\/btciberica.com\/#\/schema\/logo\/image\/"}}]}},"_links":{"self":[{"href":"https:\/\/btciberica.com\/es\/wp-json\/wp\/v2\/pages\/1967","targetHints":{"allow":["GET"]}}],"collection":[{"href":"https:\/\/btciberica.com\/es\/wp-json\/wp\/v2\/pages"}],"about":[{"href":"https:\/\/btciberica.com\/es\/wp-json\/wp\/v2\/types\/page"}],"author":[{"embeddable":true,"href":"https:\/\/btciberica.com\/es\/wp-json\/wp\/v2\/users\/1"}],"replies":[{"embeddable":true,"href":"https:\/\/btciberica.com\/es\/wp-json\/wp\/v2\/comments?post=1967"}],"version-history":[{"count":25,"href":"https:\/\/btciberica.com\/es\/wp-json\/wp\/v2\/pages\/1967\/revisions"}],"predecessor-version":[{"id":3368,"href":"https:\/\/btciberica.com\/es\/wp-json\/wp\/v2\/pages\/1967\/revisions\/3368"}],"wp:attachment":[{"href":"https:\/\/btciberica.com\/es\/wp-json\/wp\/v2\/media?parent=1967"}],"curies":[{"name":"wp","href":"https:\/\/api.w.org\/{rel}","templated":true}]}}